{"id":98,"date":"2016-05-30T11:45:14","date_gmt":"2016-05-30T11:45:14","guid":{"rendered":"https:\/\/bip.sanatorium-agat.pl\/?page_id=98"},"modified":"2016-08-12T11:47:08","modified_gmt":"2016-08-12T11:47:08","slug":"mapa-strony","status":"publish","type":"page","link":"https:\/\/bip.sanatorium-agat.pl\/?page_id=98","title":{"rendered":"Mapa strony"},"content":{"rendered":"<div class=\"menu-menu-1-container\">\n<ul id=\"menu-menu-1\" class=\"menu\">\n<li id=\"menu-item-42\" class=\"menu-item menu-item-type-custom menu-item-object-custom menu-item-has-children menu-item-42\"><a>Informacje wst\u0119pne<\/a>\n<ul class=\"sub-menu\">\n<li id=\"menu-item-44\" class=\"menu-item menu-item-type-post_type menu-item-object-page menu-item-44\"><a href=\"https:\/\/bip.sanatorium-agat.pl\/\">Dane teleadresowe \u2013 Strona G\u0142\u00f3wna<\/a><\/li>\n<li id=\"menu-item-16\" class=\"menu-item menu-item-type-post_type menu-item-object-page menu-item-16\"><a href=\"https:\/\/bip.sanatorium-agat.pl\/?page_id=2\">Ksi\u0119ga Rejestrowa<\/a><\/li>\n<\/ul>\n<\/li>\n<li id=\"menu-item-52\" class=\"menu-item menu-item-type-post_type menu-item-object-page menu-item-52\"><a href=\"https:\/\/bip.sanatorium-agat.pl\/?page_id=51\">Status prawny jednostki<\/a><\/li>\n<li id=\"menu-item-19\" class=\"menu-item menu-item-type-post_type menu-item-object-page menu-item-19\"><a href=\"https:\/\/bip.sanatorium-agat.pl\/?page_id=18\">Maj\u0105tek Sanatorium<\/a><\/li>\n<li id=\"menu-item-67\" class=\"menu-item menu-item-type-post_type menu-item-object-page menu-item-67\"><a href=\"https:\/\/bip.sanatorium-agat.pl\/?page_id=66\">Kierownictwo jednostki<\/a><\/li>\n<li id=\"menu-item-72\" class=\"menu-item menu-item-type-post_type menu-item-object-page menu-item-72\"><a href=\"https:\/\/bip.sanatorium-agat.pl\/?page_id=71\">Lecznictwo<\/a><\/li>\n<li id=\"menu-item-75\" class=\"menu-item menu-item-type-post_type menu-item-object-page menu-item-75\"><a href=\"https:\/\/bip.sanatorium-agat.pl\/?page_id=74\">Prawa Pacjenta<\/a><\/li>\n<li id=\"menu-item-96\" class=\"menu-item menu-item-type-custom menu-item-object-custom menu-item-has-children menu-item-96\"><a>Inne<\/a>\n<ul class=\"sub-menu\">\n<li id=\"menu-item-85\" class=\"menu-item menu-item-type-post_type menu-item-object-page menu-item-85\"><a href=\"https:\/\/bip.sanatorium-agat.pl\/?page_id=84\">Informacja o trybie udzielania informacji publicznej na wniosek<\/a><\/li>\n<li id=\"menu-item-88\" class=\"menu-item menu-item-type-post_type menu-item-object-page menu-item-88\"><a href=\"https:\/\/bip.sanatorium-agat.pl\/?page_id=87\">Poprawa efektywno\u015bci energetycznej<\/a><\/li>\n<li id=\"menu-item-91\" class=\"menu-item menu-item-type-post_type menu-item-object-page menu-item-91\"><a href=\"https:\/\/bip.sanatorium-agat.pl\/?page_id=90\">Dla przedstawicieli firm farmaceutycznych:<\/a><\/li>\n<li id=\"menu-item-94\" class=\"menu-item menu-item-type-post_type menu-item-object-page menu-item-94\"><a href=\"https:\/\/bip.sanatorium-agat.pl\/?page_id=93\">Polityka antykorupcyjna<\/a><\/li>\n<\/ul>\n<\/li>\n<li id=\"menu-item-99\" class=\"menu-item menu-item-type-post_type menu-item-object-page current-menu-item page_item page-item-98 current_page_item menu-item-99\"><a href=\"https:\/\/bip.sanatorium-agat.pl\/?page_id=98\">Mapa strony<\/a><\/li>\n<li class=\"menu-item menu-item-type-post_type menu-item-object-page current-menu-item page_item page-item-98 current_page_item menu-item-99\"><a href=\"https:\/\/bip.sanatorium-agat.pl\/?page_id=142\">Kontrola Zarz\u0105dcza<\/a><\/li>\n<\/ul>\n<\/div>\n","protected":false},"excerpt":{"rendered":"<p>Informacje wst\u0119pne Dane teleadresowe \u2013 Strona G\u0142\u00f3wna Ksi\u0119ga Rejestrowa Status prawny jednostki Maj\u0105tek Sanatorium Kierownictwo jednostki Lecznictwo Prawa Pacjenta Inne Informacja o trybie udzielania informacji publicznej na wniosek Poprawa efektywno\u015bci energetycznej Dla przedstawicieli firm farmaceutycznych: Polityka antykorupcyjna Mapa strony Kontrola Zarz\u0105dcza<\/p>\n","protected":false},"author":1,"featured_media":0,"parent":0,"menu_order":0,"comment_status":"closed","ping_status":"closed","template":"","meta":{"footnotes":""},"class_list":["post-98","page","type-page","status-publish","hentry"],"_links":{"self":[{"href":"https:\/\/bip.sanatorium-agat.pl\/index.php?rest_route=\/wp\/v2\/pages\/98","targetHints":{"allow":["GET"]}}],"collection":[{"href":"https:\/\/bip.sanatorium-agat.pl\/index.php?rest_route=\/wp\/v2\/pages"}],"about":[{"href":"https:\/\/bip.sanatorium-agat.pl\/index.php?rest_route=\/wp\/v2\/types\/page"}],"author":[{"embeddable":true,"href":"https:\/\/bip.sanatorium-agat.pl\/index.php?rest_route=\/wp\/v2\/users\/1"}],"replies":[{"embeddable":true,"href":"https:\/\/bip.sanatorium-agat.pl\/index.php?rest_route=%2Fwp%2Fv2%2Fcomments&post=98"}],"version-history":[{"count":1,"href":"https:\/\/bip.sanatorium-agat.pl\/index.php?rest_route=\/wp\/v2\/pages\/98\/revisions"}],"predecessor-version":[{"id":148,"href":"https:\/\/bip.sanatorium-agat.pl\/index.php?rest_route=\/wp\/v2\/pages\/98\/revisions\/148"}],"wp:attachment":[{"href":"https:\/\/bip.sanatorium-agat.pl\/index.php?rest_route=%2Fwp%2Fv2%2Fmedia&parent=98"}],"curies":[{"name":"wp","href":"https:\/\/api.w.org\/{rel}","templated":true}]}}