{"id":93,"date":"2016-05-30T11:09:34","date_gmt":"2016-05-30T11:09:34","guid":{"rendered":"https:\/\/bip.sanatorium-agat.pl\/?page_id=93"},"modified":"2026-01-14T13:32:25","modified_gmt":"2026-01-14T12:32:25","slug":"polityka-antykorupcyjna","status":"publish","type":"page","link":"https:\/\/bip.sanatorium-agat.pl\/?page_id=93","title":{"rendered":"Polityka antykorupcyjna"},"content":{"rendered":"<p>Maj\u0105c na wzgl\u0119dzie przeciwdzia\u0142anie zdarzeniom mog\u0105cym posiada\u0107 znamiona korupcji, konfliktu interes\u00f3w oraz innych nadu\u017cy\u0107 wprowadza si\u0119 w SP ZOZ Sanatorium Uzdrowiskowym MSWiA \u201eAGAT\u201d w Jeleniej G\u00f3rze Polityk\u0119 Antykorupcyjn\u0105, kt\u00f3rej celem jest zapobieganie tego rodzaju zdarze\u0144.<\/p>\n<p>Polityka antykorupcyjna stanowi element systemu przeciwdzia\u0142ania korupcji, konfliktowi interes\u00f3w oraz innym nadu\u017cyciom w SP ZOZ Sanatorium Uzdrowiskowym MSWiA \u201eAGAT\u201d w Jeleniej G\u00f3rze, mog\u0105cym wyst\u0105pi\u0107 we wszystkich obszarach dzia\u0142alno\u015bci oraz na wszystkich poziomach zarz\u0105dzania, z udzia\u0142em kierownictwa, pracownik\u00f3w, a tak\u017ce os\u00f3b i podmiot\u00f3w wsp\u00f3\u0142pracuj\u0105cych, jak r\u00f3wnie\u017c os\u00f3b kt\u00f3rym \u015bwiadczone s\u0105 us\u0142ugi medyczne.<\/p>\n<p>Polityka antykorupcyjna<\/p>\n<p>\u00a0<\/p>\n\n\n<div data-wp-interactive=\"core\/file\" class=\"wp-block-file\"><object data-wp-bind--hidden=\"!state.hasPdfPreview\" hidden class=\"wp-block-file__embed\" data=\"https:\/\/bip.sanatorium-agat.pl\/wp-content\/uploads\/2026\/01\/Polityka-antykorupcyjna.pdf\" type=\"application\/pdf\" style=\"width:100%;height:600px\" aria-label=\"Osadzone z Polityka antykorupcyjna.\"><\/object><a id=\"wp-block-file--media-f6b21921-54c5-4c3d-b5b5-596bdb7a2b61\" href=\"https:\/\/bip.sanatorium-agat.pl\/wp-content\/uploads\/2026\/01\/Polityka-antykorupcyjna.pdf\">Polityka antykorupcyjna<\/a><a href=\"https:\/\/bip.sanatorium-agat.pl\/wp-content\/uploads\/2026\/01\/Polityka-antykorupcyjna.pdf\" class=\"wp-block-file__button wp-element-button\" download aria-describedby=\"wp-block-file--media-f6b21921-54c5-4c3d-b5b5-596bdb7a2b61\">Pobierz<\/a><\/div>\n","protected":false},"excerpt":{"rendered":"<p>Maj\u0105c na wzgl\u0119dzie przeciwdzia\u0142anie zdarzeniom mog\u0105cym posiada\u0107 znamiona korupcji, konfliktu interes\u00f3w oraz innych nadu\u017cy\u0107 wprowadza si\u0119 w SP ZOZ Sanatorium Uzdrowiskowym MSWiA \u201eAGAT\u201d w Jeleniej G\u00f3rze Polityk\u0119 Antykorupcyjn\u0105, kt\u00f3rej celem jest zapobieganie tego rodzaju zdarze\u0144. Polityka antykorupcyjna stanowi element systemu przeciwdzia\u0142ania korupcji, konfliktowi interes\u00f3w oraz innym nadu\u017cyciom w SP ZOZ Sanatorium Uzdrowiskowym MSWiA \u201eAGAT\u201d w [&hellip;]<\/p>\n","protected":false},"author":1,"featured_media":0,"parent":0,"menu_order":0,"comment_status":"closed","ping_status":"closed","template":"","meta":{"footnotes":""},"class_list":["post-93","page","type-page","status-publish","hentry"],"_links":{"self":[{"href":"https:\/\/bip.sanatorium-agat.pl\/index.php?rest_route=\/wp\/v2\/pages\/93","targetHints":{"allow":["GET"]}}],"collection":[{"href":"https:\/\/bip.sanatorium-agat.pl\/index.php?rest_route=\/wp\/v2\/pages"}],"about":[{"href":"https:\/\/bip.sanatorium-agat.pl\/index.php?rest_route=\/wp\/v2\/types\/page"}],"author":[{"embeddable":true,"href":"https:\/\/bip.sanatorium-agat.pl\/index.php?rest_route=\/wp\/v2\/users\/1"}],"replies":[{"embeddable":true,"href":"https:\/\/bip.sanatorium-agat.pl\/index.php?rest_route=%2Fwp%2Fv2%2Fcomments&post=93"}],"version-history":[{"count":3,"href":"https:\/\/bip.sanatorium-agat.pl\/index.php?rest_route=\/wp\/v2\/pages\/93\/revisions"}],"predecessor-version":[{"id":7566,"href":"https:\/\/bip.sanatorium-agat.pl\/index.php?rest_route=\/wp\/v2\/pages\/93\/revisions\/7566"}],"wp:attachment":[{"href":"https:\/\/bip.sanatorium-agat.pl\/index.php?rest_route=%2Fwp%2Fv2%2Fmedia&parent=93"}],"curies":[{"name":"wp","href":"https:\/\/api.w.org\/{rel}","templated":true}]}}