{"id":87,"date":"2016-05-30T11:08:11","date_gmt":"2016-05-30T11:08:11","guid":{"rendered":"https:\/\/bip.sanatorium-agat.pl\/?page_id=87"},"modified":"2022-03-01T11:15:04","modified_gmt":"2022-03-01T11:15:04","slug":"poprawa-efektywnosci-energetycznej","status":"publish","type":"page","link":"https:\/\/bip.sanatorium-agat.pl\/?page_id=87","title":{"rendered":"Poprawa efektywno\u015bci energetycznej"},"content":{"rendered":"<p><strong>Efektywno\u015b\u0107 energetyczna <\/strong><\/p>\n<p>Zak\u0142adka EFEKTYWNO\u015a\u0106 ENERGETYCZNA na stronach BIP SP ZOZ Sanatorium Uzdrowiskowego MSWiA &#8222;AGAT&#8221; w Jeleniej G\u00f3rze powsta\u0142a w celu realizacji ustawowego obowi\u0105zku o kt\u00f3rym mowa w art. 10 ust. 3 ustawy z dnia 15 kwietnia 2011 roku o efektywno\u015bci energetycznej (Dz. U. Nr 94, poz. 551), w my\u015bl kt\u00f3rego jednostki sektora publicznego zobowi\u0105zane s\u0105 do informowania o zastosowanych \u015brodkach poprawy efektywno\u015bci energetycznej na swojej stronie internetowej.<\/p>\n<p>Zgodnie z art. 10 ust. 2 ww. ustawy \u015brodkiem poprawy efektywno\u015bci energetycznej jest:<\/p>\n<ul>\n<li>\u00a0\u00a0 umowa, kt\u00f3rej przedmiotem jest realizacja i finansowanie przedsi\u0119wzi\u0119cia s\u0142u\u017c\u0105cego poprawie efektywno\u015bci energetycznej;<\/li>\n<li>\u00a0\u00a0 nabycie nowego urz\u0105dzenia, instalacji lub pojazdu, charakteryzuj\u0105cych si\u0119 niskim zu\u017cyciem energii oraz niskimi kosztami eksploatacji;<\/li>\n<li>\u00a0\u00a0\u00a0 wymiana eksploatowanego urz\u0105dzenia, instalacji lub pojazdu na urz\u0105dzenie, instalacj\u0119 lub pojazd, o kt\u00f3rych mowa w pkt 2, albo ich modernizacja;<\/li>\n<li>\u00a0 nabycie lub wynaj\u0119cie efektywnych energetycznie budynk\u00f3w lub ich cz\u0119\u015bci albo przebudowa lub remont u\u017cytkowanych budynk\u00f3w, w tym realizacja przedsi\u0119wzi\u0119cia termomodernizacyjnego w rozumieniu ustawy z dnia 21 listopada 2008 r. o wspieraniu termomodernizacji i remont\u00f3w (Dz. U. Nr 223, poz. 1459, z 2009 r. Nr 157, poz. 1241 oraz z 2010 r. Nr 76, poz. 493);<\/li>\n<li>\u00a0\u00a0\u00a0 sporz\u0105dzenie audytu energetycznego w rozumieniu ustawy z dnia 21 listopada 2008 r. o wspieraniu termomodernizacji i remont\u00f3w eksploatowanych budynk\u00f3w w rozumieniu ustawy z dnia 7 lipca 1994 r. &#8211; Prawo budowlane (Dz. U. z 2010 r. Nr 243, poz. 1623 oraz z 2011 r. Nr 32, poz. 159 i Nr 45, poz. 235), o powierzchni u\u017cytkowej powy\u017cej 500 m<sup>2<\/sup>, kt\u00f3rych jednostka sektora publicznego jest w\u0142a\u015bcicielem lub zarz\u0105dc\u0105.<\/li>\n<\/ul>\n<p>W ramach dzia\u0142alno\u015bci oraz ukierunkowania dzia\u0142a\u0144 zmierzaj\u0105cych do poprawy efektywno\u015bci energetycznej w jednostce zastosowano nast\u0119puj\u0105ce \u015brodki poprawy efektywno\u015bci energetycznej w odniesieniu do u\u017cytkowanej nieruchomo\u015bci oraz wyposa\u017cenia:<\/p>\n<p><strong>1.Rok 2013<\/strong><\/p>\n<p>Wykonanie dokumentacji projektowo -kosztorysowej dla zadania pod nazw\u0105 :<\/p>\n<p>&#8222;Budowa instalacji solarnej wspomagaj\u0105cej przygotowanie ciep\u0142ej wody u\u017cytkowej dla obiektu SP ZOZ<\/p>\n<p>Sanatorium Uzdrowiskowego MSW \u201eAGAT\u201d w Jeleniej G\u00f3rze&#8221;.<\/p>\n<p><strong>Termin realizacji grudzie\u0144 2013r.<\/strong><\/p>\n<p><strong>2.Rok 2014<\/strong><\/p>\n<p>Budowa instalacji solarnej wspomagaj\u0105cej przygotowanie ciep\u0142ej wody u\u017cytkowej dla obiektu SP ZOZ<\/p>\n<p>Sanatorium Uzdrowiskowego MSW \u201eAGAT\u201d w Jeleniej G\u00f3rze zasilanej przez 143 p\u0142yty kolektor\u00f3w<\/p>\n<p>s\u0142onecznych wraz z zasobnikami buforowymi wody grzejnej i wymiennikami ciep\u0142a.<\/p>\n<p><strong>Termin realizacji wrzesie\u0144 2014r.<\/strong><\/p>\n<p><span lang=\"pl-PL\"><strong>Warto\u015b\u0107 projektu: 858.893,00 PLN<\/strong><\/span><br \/>\nDotacja WFO\u015aiGW we Wroc\u0142awiu :<strong>179.000,00PLN<\/strong><\/p>\n<p>Po\u017cyczka z WFO\u015aiGW we Wroc\u0142awiu : <strong>358.000,00PLN<\/strong><\/p>\n<p>Dotacja MSW : <strong>252.000,00<\/strong><strong>PLN<\/strong><\/p>\n<p>\u015arodki w\u0142asne : <strong>69.893,00<\/strong><strong>PLN<\/strong><\/p>\n","protected":false},"excerpt":{"rendered":"<p>Efektywno\u015b\u0107 energetyczna Zak\u0142adka EFEKTYWNO\u015a\u0106 ENERGETYCZNA na stronach BIP SP ZOZ Sanatorium Uzdrowiskowego MSWiA &#8222;AGAT&#8221; w Jeleniej G\u00f3rze powsta\u0142a w celu realizacji ustawowego obowi\u0105zku o kt\u00f3rym mowa w art. 10 ust. 3 ustawy z dnia 15 kwietnia 2011 roku o efektywno\u015bci energetycznej (Dz. U. Nr 94, poz. 551), w my\u015bl kt\u00f3rego jednostki sektora publicznego zobowi\u0105zane s\u0105 [&hellip;]<\/p>\n","protected":false},"author":1,"featured_media":0,"parent":0,"menu_order":0,"comment_status":"closed","ping_status":"closed","template":"","meta":{"footnotes":""},"class_list":["post-87","page","type-page","status-publish","hentry"],"_links":{"self":[{"href":"https:\/\/bip.sanatorium-agat.pl\/index.php?rest_route=\/wp\/v2\/pages\/87","targetHints":{"allow":["GET"]}}],"collection":[{"href":"https:\/\/bip.sanatorium-agat.pl\/index.php?rest_route=\/wp\/v2\/pages"}],"about":[{"href":"https:\/\/bip.sanatorium-agat.pl\/index.php?rest_route=\/wp\/v2\/types\/page"}],"author":[{"embeddable":true,"href":"https:\/\/bip.sanatorium-agat.pl\/index.php?rest_route=\/wp\/v2\/users\/1"}],"replies":[{"embeddable":true,"href":"https:\/\/bip.sanatorium-agat.pl\/index.php?rest_route=%2Fwp%2Fv2%2Fcomments&post=87"}],"version-history":[{"count":2,"href":"https:\/\/bip.sanatorium-agat.pl\/index.php?rest_route=\/wp\/v2\/pages\/87\/revisions"}],"predecessor-version":[{"id":5692,"href":"https:\/\/bip.sanatorium-agat.pl\/index.php?rest_route=\/wp\/v2\/pages\/87\/revisions\/5692"}],"wp:attachment":[{"href":"https:\/\/bip.sanatorium-agat.pl\/index.php?rest_route=%2Fwp%2Fv2%2Fmedia&parent=87"}],"curies":[{"name":"wp","href":"https:\/\/api.w.org\/{rel}","templated":true}]}}