{"id":84,"date":"2016-05-30T11:06:42","date_gmt":"2016-05-30T11:06:42","guid":{"rendered":"https:\/\/bip.sanatorium-agat.pl\/?page_id=84"},"modified":"2016-05-30T11:06:42","modified_gmt":"2016-05-30T11:06:42","slug":"informacja-o-trybie-udzielania-informacji-publicznej-na-wniosek","status":"publish","type":"page","link":"https:\/\/bip.sanatorium-agat.pl\/?page_id=84","title":{"rendered":"Informacja o trybie udzielania informacji publicznej na wniosek"},"content":{"rendered":"<p>Podstawa prawna : ustawa o dost\u0119pie do informacji publicznej z dnia 6 wrze\u015bnia 2001.<\/p>\n<ul>\n<li>wniosek o udzielenie informacji publicznej nale\u017cy z\u0142o\u017cy\u0107 w sekretariacie SP ZOZ w Jeleniej G\u00f3rze ul.Cervi 14.<\/li>\n<li>termin za\u0142atwienia sprawy : niezw\u0142ocznie nie p\u00f3zniej niz w terminie 14 dni od dnia zlo\u017cenia wniosku. Odmowa udost\u0119pnienia informacji publicznej nast\u0119puje w drodze decyzji administracyjnej.<\/li>\n<\/ul>\n","protected":false},"excerpt":{"rendered":"<p>Podstawa prawna : ustawa o dost\u0119pie do informacji publicznej z dnia 6 wrze\u015bnia 2001. wniosek o udzielenie informacji publicznej nale\u017cy z\u0142o\u017cy\u0107 w sekretariacie SP ZOZ w Jeleniej G\u00f3rze ul.Cervi 14. termin za\u0142atwienia sprawy : niezw\u0142ocznie nie p\u00f3zniej niz w terminie 14 dni od dnia zlo\u017cenia wniosku. Odmowa udost\u0119pnienia informacji publicznej nast\u0119puje w drodze decyzji administracyjnej.<\/p>\n","protected":false},"author":1,"featured_media":0,"parent":0,"menu_order":0,"comment_status":"closed","ping_status":"closed","template":"","meta":{"footnotes":""},"class_list":["post-84","page","type-page","status-publish","hentry"],"_links":{"self":[{"href":"https:\/\/bip.sanatorium-agat.pl\/index.php?rest_route=\/wp\/v2\/pages\/84","targetHints":{"allow":["GET"]}}],"collection":[{"href":"https:\/\/bip.sanatorium-agat.pl\/index.php?rest_route=\/wp\/v2\/pages"}],"about":[{"href":"https:\/\/bip.sanatorium-agat.pl\/index.php?rest_route=\/wp\/v2\/types\/page"}],"author":[{"embeddable":true,"href":"https:\/\/bip.sanatorium-agat.pl\/index.php?rest_route=\/wp\/v2\/users\/1"}],"replies":[{"embeddable":true,"href":"https:\/\/bip.sanatorium-agat.pl\/index.php?rest_route=%2Fwp%2Fv2%2Fcomments&post=84"}],"version-history":[{"count":1,"href":"https:\/\/bip.sanatorium-agat.pl\/index.php?rest_route=\/wp\/v2\/pages\/84\/revisions"}],"predecessor-version":[{"id":86,"href":"https:\/\/bip.sanatorium-agat.pl\/index.php?rest_route=\/wp\/v2\/pages\/84\/revisions\/86"}],"wp:attachment":[{"href":"https:\/\/bip.sanatorium-agat.pl\/index.php?rest_route=%2Fwp%2Fv2%2Fmedia&parent=84"}],"curies":[{"name":"wp","href":"https:\/\/api.w.org\/{rel}","templated":true}]}}