{"id":71,"date":"2016-05-30T10:52:44","date_gmt":"2016-05-30T10:52:44","guid":{"rendered":"https:\/\/bip.sanatorium-agat.pl\/?page_id=71"},"modified":"2022-03-01T11:13:06","modified_gmt":"2022-03-01T11:13:06","slug":"lecznictwo","status":"publish","type":"page","link":"https:\/\/bip.sanatorium-agat.pl\/?page_id=71","title":{"rendered":"Lecznictwo"},"content":{"rendered":"<p dir=\"ltr\">\n<p dir=\"ltr\"><strong>Przedmiot dzia\u0142ania i kompetencje<\/strong><\/p>\n<p dir=\"ltr\">Podstawowym celem Sanatorium okre\u015blonym w statucie jest udzielanie \u015bwiadcze\u0144 zdrowotnych osobom wymagaj\u0105cym leczenia uzdrowiskowego i rehabilitacyjnego w zakresie schorze\u0144 uk\u0142adu ruchu\u00a0oraz\u00a0uk\u0142adu moczowego w powi\u0105zaniu z profilaktyk\u0105 i promocja zdrowia.<\/p>\n<p dir=\"ltr\"><strong>Podstawowymi kom\u00f3rkami organizacyjnymi prowadz\u0105cymi \u015bwiadczenia zdrowotne w Sanatorium s\u0105:<\/strong><\/p>\n<ol>\n<li style=\"list-style-type: none;\">\n<ol>\n<li>oddzia\u0142 og\u00f3lnosanatoryjny,<\/li>\n<li>oddzia\u0142 szpitalny,<\/li>\n<li>zak\u0142ad przyrodoleczniczy,<\/li>\n<li>przychodnia uzdrowiskowa.<\/li>\n<\/ol>\n<\/li>\n<\/ol>\n<hr \/>\n","protected":false},"excerpt":{"rendered":"<p>Przedmiot dzia\u0142ania i kompetencje Podstawowym celem Sanatorium okre\u015blonym w statucie jest udzielanie \u015bwiadcze\u0144 zdrowotnych osobom wymagaj\u0105cym leczenia uzdrowiskowego i rehabilitacyjnego w zakresie schorze\u0144 uk\u0142adu ruchu\u00a0oraz\u00a0uk\u0142adu moczowego w powi\u0105zaniu z profilaktyk\u0105 i promocja zdrowia. Podstawowymi kom\u00f3rkami organizacyjnymi prowadz\u0105cymi \u015bwiadczenia zdrowotne w Sanatorium s\u0105: oddzia\u0142 og\u00f3lnosanatoryjny, oddzia\u0142 szpitalny, zak\u0142ad przyrodoleczniczy, przychodnia uzdrowiskowa.<\/p>\n","protected":false},"author":1,"featured_media":0,"parent":0,"menu_order":0,"comment_status":"closed","ping_status":"closed","template":"","meta":{"footnotes":""},"class_list":["post-71","page","type-page","status-publish","hentry"],"_links":{"self":[{"href":"https:\/\/bip.sanatorium-agat.pl\/index.php?rest_route=\/wp\/v2\/pages\/71","targetHints":{"allow":["GET"]}}],"collection":[{"href":"https:\/\/bip.sanatorium-agat.pl\/index.php?rest_route=\/wp\/v2\/pages"}],"about":[{"href":"https:\/\/bip.sanatorium-agat.pl\/index.php?rest_route=\/wp\/v2\/types\/page"}],"author":[{"embeddable":true,"href":"https:\/\/bip.sanatorium-agat.pl\/index.php?rest_route=\/wp\/v2\/users\/1"}],"replies":[{"embeddable":true,"href":"https:\/\/bip.sanatorium-agat.pl\/index.php?rest_route=%2Fwp%2Fv2%2Fcomments&post=71"}],"version-history":[{"count":4,"href":"https:\/\/bip.sanatorium-agat.pl\/index.php?rest_route=\/wp\/v2\/pages\/71\/revisions"}],"predecessor-version":[{"id":7567,"href":"https:\/\/bip.sanatorium-agat.pl\/index.php?rest_route=\/wp\/v2\/pages\/71\/revisions\/7567"}],"wp:attachment":[{"href":"https:\/\/bip.sanatorium-agat.pl\/index.php?rest_route=%2Fwp%2Fv2%2Fmedia&parent=71"}],"curies":[{"name":"wp","href":"https:\/\/api.w.org\/{rel}","templated":true}]}}