{"id":7042,"date":"2025-01-16T10:00:43","date_gmt":"2025-01-16T09:00:43","guid":{"rendered":"https:\/\/bip.sanatorium-agat.pl\/?page_id=7042"},"modified":"2026-03-02T13:27:30","modified_gmt":"2026-03-02T12:27:30","slug":"dotacje-z-budzetu-panstwa-i-panstwowych-funduszy-celowych-w-roku-2024","status":"publish","type":"page","link":"https:\/\/bip.sanatorium-agat.pl\/?page_id=7042","title":{"rendered":"Dotacje z bud\u017cetu pa\u0144stwa i pa\u0144stwowych funduszy celowych w roku 2024, 2025, 2026"},"content":{"rendered":"\n<p><strong>Dotacje z bud\u017cetu pa\u0144stwa i pa\u0144stwowych funduszy celowych w roku 2024<\/strong><\/p>\n\n\n\n<figure class=\"wp-block-image size-large\"><a href=\"https:\/\/bip.sanatorium-agat.pl\/wp-content\/uploads\/2025\/01\/image-1.png\"><img fetchpriority=\"high\" decoding=\"async\" width=\"1024\" height=\"341\" src=\"https:\/\/bip.sanatorium-agat.pl\/wp-content\/uploads\/2025\/01\/image-1-1024x341.png\" alt=\"\" class=\"wp-image-7045\" srcset=\"https:\/\/bip.sanatorium-agat.pl\/wp-content\/uploads\/2025\/01\/image-1-1024x341.png 1024w, https:\/\/bip.sanatorium-agat.pl\/wp-content\/uploads\/2025\/01\/image-1-300x100.png 300w, https:\/\/bip.sanatorium-agat.pl\/wp-content\/uploads\/2025\/01\/image-1-768x256.png 768w, https:\/\/bip.sanatorium-agat.pl\/wp-content\/uploads\/2025\/01\/image-1-1536x511.png 1536w, https:\/\/bip.sanatorium-agat.pl\/wp-content\/uploads\/2025\/01\/image-1.png 1751w\" sizes=\"(max-width: 1024px) 100vw, 1024px\" \/><\/a><\/figure>\n\n\n\n<p><strong>DOTACJA Z BUD\u017bETU PA\u0143STWA NA DOFINANSOWANIE REALIZACJI PROGRAM\u00d3W&nbsp; ZDROWOTNYCH W FORMIE TURNUS\u00d3W &nbsp; ANTYSTRESOWYCH<\/strong><br>Nazwa zadania:&nbsp;Programy Zdrowotne w Formie Turnus\u00f3w Antystresowych<br>Data zawarcia umowy: 22 marca 2024 r.<br><strong>KWOTA DOFINANSOWANIA:&nbsp;104 300,00 z\u0142<\/strong><br><strong>CA\u0141KOWITA WARTO\u015a\u0106 ZADANIA: 208 600,00 z\u0142<\/strong><br>Opis zadania:&nbsp;SP ZOZ Sanatorium Uzdrowiskowe MSWiA &#8222;AGAT&#8221; w Jeleniej G\u00f3rze realizuje programy zdrowotne w formie turnus\u00f3w antystresowych dla funkcjonariuszy i pracownik\u00f3w cywilnych Policji, Pa\u0144stwowej Stra\u017cy Po\u017carnej, Stra\u017cy Granicznej oraz S\u0142u\u017cby Ochrony Pa\u0144stwa. Ka\u017cdego roku realizacja turnus\u00f3w antystresowych odbywa si\u0119 na podstawie umowy dofinansowania pomi\u0119dzy Skarbem Pa\u0144stwa reprezentowanym przez Ministra Spraw Wewn\u0119trznych i Administracji, a SP ZOZ Sanatorium Uzdrowiskowym MSWiA &#8222;AGAT&#8221;&nbsp; w Jeleniej G\u00f3rze, okre\u015blaj\u0105cej zakres zada\u0144 w ramach programu zdrowotnego oraz wysoko\u015b\u0107 dofinansowania. 14-dniowe turnusy antystresowe obejmuj\u0105 zakwaterowanie z wy\u017cywieniem, zabiegi rehabilitacyjne, opiek\u0119 lekarsko-piel\u0119gniarsk\u0105 oraz zaj\u0119cia psychoprofilaktyczne. W 2024 roku realizowanych b\u0119dzie 5 turnus\u00f3w, w kt\u00f3rych uczestniczy\u0107 b\u0119dzie \u0142\u0105cznie 50 funkcjonariuszy.<\/p>\n\n\n\n<figure class=\"wp-block-image\"><img decoding=\"async\" width=\"1751\" height=\"583\" src=\"https:\/\/bip.sanatorium-agat.pl\/wp-content\/uploads\/2025\/01\/image-1.png\" alt=\"\" class=\"wp-image-7045\" srcset=\"https:\/\/bip.sanatorium-agat.pl\/wp-content\/uploads\/2025\/01\/image-1.png 1751w, https:\/\/bip.sanatorium-agat.pl\/wp-content\/uploads\/2025\/01\/image-1-300x100.png 300w, https:\/\/bip.sanatorium-agat.pl\/wp-content\/uploads\/2025\/01\/image-1-1024x341.png 1024w, https:\/\/bip.sanatorium-agat.pl\/wp-content\/uploads\/2025\/01\/image-1-768x256.png 768w, https:\/\/bip.sanatorium-agat.pl\/wp-content\/uploads\/2025\/01\/image-1-1536x511.png 1536w\" sizes=\"(max-width: 1751px) 100vw, 1751px\" \/><\/figure>\n\n\n\n<blockquote class=\"wp-block-quote is-layout-flow wp-block-quote-is-layout-flow\">\n<p><strong>DOTACJA CELOWA MSWiA Z BUD\u017bETU PA\u0143STWA NA DOFINANSOWANIE ZADANIA PN:<\/strong><br>Dostosowanie obiektu do wymaga\u0144 obowi\u0105zuj\u0105cych przepis\u00f3w prawa z zakresu bezpiecze\u0144stwa po\u017carowego, dostosowania dla os\u00f3b niepe\u0142nosprawnych ci\u0105g\u00f3w komunikacyjnych &#8211; III pi\u0119tro budynku g\u0142\u00f3wnego.<\/p>\n\n\n\n<p><strong>Dofinansowanie: 440.000,00<br>Ca\u0142kowita warto\u015b\u0107: 550 554,23<\/strong><\/p>\n\n\n\n<p>Realizacja inwestycji spowoduje dostosowanie obiektu do aktualnych wymaga\u0144 oraz zapewnienie bezpiecze\u0144stwa przebywaj\u0105cym w obiekcie kuracjuszom. Oznacza znaczn\u0105 popraw\u0119 warunk\u00f3w pobytu oraz udzielanych \u015bwiadcze\u0144 medycznych oraz podniesienie standardu i walor\u00f3w estetycznych obiektu.<\/p>\n<\/blockquote>\n\n\n\n<p><strong>Dotacje z bud\u017cetu pa\u0144stwa i pa\u0144stwowych funduszy celowych w roku 2025<\/strong><\/p>\n\n\n\n<div class=\"wp-block-media-text is-stacked-on-mobile\" style=\"grid-template-columns:85% auto\"><figure class=\"wp-block-media-text__media\"><img decoding=\"async\" width=\"1024\" height=\"341\" src=\"https:\/\/bip.sanatorium-agat.pl\/wp-content\/uploads\/2025\/01\/image-1-1024x341.png\" alt=\"\" class=\"wp-image-7045 size-full\" srcset=\"https:\/\/bip.sanatorium-agat.pl\/wp-content\/uploads\/2025\/01\/image-1-1024x341.png 1024w, https:\/\/bip.sanatorium-agat.pl\/wp-content\/uploads\/2025\/01\/image-1-300x100.png 300w, https:\/\/bip.sanatorium-agat.pl\/wp-content\/uploads\/2025\/01\/image-1-768x256.png 768w, https:\/\/bip.sanatorium-agat.pl\/wp-content\/uploads\/2025\/01\/image-1-1536x511.png 1536w, https:\/\/bip.sanatorium-agat.pl\/wp-content\/uploads\/2025\/01\/image-1.png 1751w\" sizes=\"(max-width: 1024px) 100vw, 1024px\" \/><\/figure><div class=\"wp-block-media-text__content\">\n<p><\/p>\n<\/div><\/div>\n\n\n\n<p><strong>DOTACJA Z BUD\u017bETU PA\u0143STWA NA DOFINANSOWANIE REALIZACJI ZADA\u0143 Z ZAKRESU PROMOCJI ZDROWIA W FORMIE TURNUS\u00d3W ANTYSTRESOWYCH<\/strong><\/p>\n\n\n\n<p><strong>Nazwa zadania:<\/strong>&nbsp;Programy Zdrowotne w Formie Turnus\u00f3w Antystresowych<br><strong>Data zawarcia umowy: <\/strong>08 kwietnia 2025 r.<br><strong>KWOTA DOFINANSOWANIA:&nbsp;124&nbsp;000,00 z\u0142<\/strong><br><strong>CA\u0141KOWITA WARTO\u015a\u0106 ZADANIA: 248 000,00&nbsp;<\/strong> <strong>z\u0142<\/strong><br><strong>Opis zadania:<\/strong>&nbsp;SP ZOZ Sanatorium Uzdrowiskowe MSWiA &#8222;AGAT&#8221; w Jeleniej G\u00f3rze&nbsp; realizuje programy zdrowotne w formie turnus\u00f3w antystresowych dla funkcjonariuszy i pracownik\u00f3w cywilnych Policji, Pa\u0144stwowej Stra\u017cy Po\u017carnej, Stra\u017cy Granicznej oraz S\u0142u\u017cby Ochrony Pa\u0144stwa. Ka\u017cdego roku realizacja turnus\u00f3w antystresowych odbywa si\u0119 na podstawie umowy dofinansowania pomi\u0119dzy Skarbem Pa\u0144stwa reprezentowanym przez Ministra Spraw Wewn\u0119trznych i Administracji, a SP ZOZ Sanatorium Uzdrowiskowym MSWiA &#8222;AGAT&#8221;w Jeleniej G\u00f3rze, okre\u015blaj\u0105cej zakres zada\u0144 w ramach programu zdrowotnego oraz wysoko\u015b\u0107 dofinansowania. 10-dniowe turnusy antystresowe obejmuj\u0105 zakwaterowanie z wy\u017cywieniem, zabiegi rehabilitacyjne, opiek\u0119 lekarsko-piel\u0119gniarsk\u0105 oraz zaj\u0119cia psycho-profilaktyczne. W 2025 roku realizowanych by\u0142o 8 turnus\u00f3w, w kt\u00f3rych uczestniczy\u0142o \u0142\u0105cznie 80 funkcjonariuszy.<\/p>\n\n\n\n<figure class=\"wp-block-image\"><img decoding=\"async\" width=\"1751\" height=\"583\" src=\"https:\/\/bip.sanatorium-agat.pl\/wp-content\/uploads\/2025\/01\/image-1.png\" alt=\"\" class=\"wp-image-7045\" srcset=\"https:\/\/bip.sanatorium-agat.pl\/wp-content\/uploads\/2025\/01\/image-1.png 1751w, https:\/\/bip.sanatorium-agat.pl\/wp-content\/uploads\/2025\/01\/image-1-300x100.png 300w, https:\/\/bip.sanatorium-agat.pl\/wp-content\/uploads\/2025\/01\/image-1-1024x341.png 1024w, https:\/\/bip.sanatorium-agat.pl\/wp-content\/uploads\/2025\/01\/image-1-768x256.png 768w, https:\/\/bip.sanatorium-agat.pl\/wp-content\/uploads\/2025\/01\/image-1-1536x511.png 1536w\" sizes=\"(max-width: 1751px) 100vw, 1751px\" \/><\/figure>\n\n\n\n<p><strong>DOTACJA CELOWA MSWiA Z BUD\u017bETU PA\u0143STWA NA DOFINANSOWANIE ZADANIA PN:<\/strong><\/p>\n\n\n\n<p>\u201eDostosowanie w&nbsp; pomieszczeniach Zak\u0142adu Przyrodoleczniczego instalacji wentylacji nawiewno-wywiewnej wraz z odzyskiem ciep\u0142a do obowi\u0105zuj\u0105cych przepis\u00f3w prawa&#8221;<\/p>\n\n\n\n<p><strong>CA\u0141KOWITA WARTO\u015a\u0106 ZADANIA: 1 001 502,90&nbsp; Z\u0141<\/strong><br><strong><br>KWOTA DOFINANSOWANIA:&nbsp; &nbsp;264 700,00 Z\u0141<\/strong><\/p>\n\n\n\n<p>Realizacja inwestycji zapewni\u0142a spe\u0142nienie wymaga\u0144 infrastruktury Sanatorium Uzdrowiskowego okre\u015blonych w rozporz\u0105dzeniu w sprawie okre\u015blenia wymaga\u0144, jakim powinny odpowiada\u0107 zak\u0142ady i urz\u0105dzenia lecznictwa uzdrowiskowego.&nbsp;Realizacja inwestycji przyniesie korzy\u015bci w postaci znacznych oszcz\u0119dno\u015bci energii, zapewnieniu krotno\u015bci wymian powietrza w pomieszczeniach zabiegowych oraz komfortu termicznego.<\/p>\n\n\n\n<figure class=\"wp-block-image\"><img decoding=\"async\" width=\"1751\" height=\"583\" src=\"https:\/\/bip.sanatorium-agat.pl\/wp-content\/uploads\/2025\/01\/image-1.png\" alt=\"\" class=\"wp-image-7045\" srcset=\"https:\/\/bip.sanatorium-agat.pl\/wp-content\/uploads\/2025\/01\/image-1.png 1751w, https:\/\/bip.sanatorium-agat.pl\/wp-content\/uploads\/2025\/01\/image-1-300x100.png 300w, https:\/\/bip.sanatorium-agat.pl\/wp-content\/uploads\/2025\/01\/image-1-1024x341.png 1024w, https:\/\/bip.sanatorium-agat.pl\/wp-content\/uploads\/2025\/01\/image-1-768x256.png 768w, https:\/\/bip.sanatorium-agat.pl\/wp-content\/uploads\/2025\/01\/image-1-1536x511.png 1536w\" sizes=\"(max-width: 1751px) 100vw, 1751px\" \/><\/figure>\n\n\n\n<figure class=\"wp-block-image size-large\"><a href=\"https:\/\/bip.sanatorium-agat.pl\/wp-content\/uploads\/2026\/01\/wzor-nr-1-tablica_naklejka_11-1-scaled.png\"><img loading=\"lazy\" decoding=\"async\" width=\"1024\" height=\"683\" src=\"https:\/\/bip.sanatorium-agat.pl\/wp-content\/uploads\/2026\/01\/wzor-nr-1-tablica_naklejka_11-1-1024x683.png\" alt=\"\" class=\"wp-image-7588\" srcset=\"https:\/\/bip.sanatorium-agat.pl\/wp-content\/uploads\/2026\/01\/wzor-nr-1-tablica_naklejka_11-1-1024x683.png 1024w, https:\/\/bip.sanatorium-agat.pl\/wp-content\/uploads\/2026\/01\/wzor-nr-1-tablica_naklejka_11-1-300x200.png 300w, https:\/\/bip.sanatorium-agat.pl\/wp-content\/uploads\/2026\/01\/wzor-nr-1-tablica_naklejka_11-1-768x512.png 768w, https:\/\/bip.sanatorium-agat.pl\/wp-content\/uploads\/2026\/01\/wzor-nr-1-tablica_naklejka_11-1-1536x1024.png 1536w, https:\/\/bip.sanatorium-agat.pl\/wp-content\/uploads\/2026\/01\/wzor-nr-1-tablica_naklejka_11-1-2048x1365.png 2048w\" sizes=\"(max-width: 1024px) 100vw, 1024px\" \/><\/a><\/figure>\n\n\n\n<p>DOFINANSOWANO ZE \u015aRODK\u00d3W PROGRAMU OCHRONY LUDNO\u015aCI I OBRONY CYWILNEJ NA LATA 2025-2026&nbsp;<\/p>\n\n\n\n<p>\u201eDotacja z rezerwy celowej bud\u017cetu pa\u0144stwa na finansowanie zadania zwi\u0105zanego z ochron\u0105 ludno\u015bci i obron\u0105 cywiln\u0105 \u2013 Zakup agregatu pr\u0105dotw\u00f3rczego\u201d.<\/p>\n\n\n\n<p><strong>CA\u0141KOWITA WARTO\u015a\u0106 ZADANIA: 235 914,00&nbsp; Z\u0141<br>KWOTA DOFINANSOWANIA:&nbsp; &nbsp;180<\/strong><strong>&nbsp;000,00<\/strong><strong>&nbsp;Z\u0141<\/strong><\/p>\n\n\n\n<p>Agregat pr\u0105dotw\u00f3rczy b\u0119dzie wykorzystywany jako rezerwowe \u017ar\u00f3d\u0142o zasilania w energi\u0119 elektryczn\u0105 w przypadku awarii sieci energetycznej powoduj\u0105cej przerwy w zasilaniu.&nbsp;<\/p>\n\n\n\n<p>________________________________________________________________________________________________________________<\/p>\n\n\n\n<p><strong>DOTACJA CELOWA MSWiA Z BUD\u017bETU PA\u0143STWA NA DOFINANSOWANIE ZADANIA PN:<\/strong><br>\u201eDostosowanie obiektu do wymaga\u0144 obowi\u0105zuj\u0105cych przepis\u00f3w prawa z zakresu bezpiecze\u0144stwa po\u017carowego, dostosowania dla os\u00f3b niepe\u0142nosprawnych ci\u0105g\u00f3w komunikacyjnych &#8211; IV pi\u0119tro oraz hol budynku g\u0142\u00f3wnego&#8221;<br>Dofinansowanie:\u00a0 1.093.000,00 z\u0142.<br>Ca\u0142kowita warto\u015b\u0107: 1.302.510,65 z\u0142.<br>Realizacja inwestycji spowoduje dostosowanie obiektu do aktualnych wymaga\u0144 oraz zapewnienie bezpiecze\u0144stwa przebywaj\u0105cym w obiekcie kuracjuszom. Oznacza znaczn\u0105 popraw\u0119 warunk\u00f3w pobytu oraz udzielanych \u015bwiadcze\u0144 medycznych oraz podniesienie standardu i walor\u00f3w estetycznych obiektu.<\/p>\n\n\n\n<div class=\"wp-block-media-text is-stacked-on-mobile\" style=\"grid-template-columns:85% auto\"><figure class=\"wp-block-media-text__media\"><img decoding=\"async\" width=\"1024\" height=\"341\" src=\"https:\/\/bip.sanatorium-agat.pl\/wp-content\/uploads\/2025\/01\/image-1-1024x341.png\" alt=\"\" class=\"wp-image-7045 size-full\" srcset=\"https:\/\/bip.sanatorium-agat.pl\/wp-content\/uploads\/2025\/01\/image-1-1024x341.png 1024w, https:\/\/bip.sanatorium-agat.pl\/wp-content\/uploads\/2025\/01\/image-1-300x100.png 300w, https:\/\/bip.sanatorium-agat.pl\/wp-content\/uploads\/2025\/01\/image-1-768x256.png 768w, https:\/\/bip.sanatorium-agat.pl\/wp-content\/uploads\/2025\/01\/image-1-1536x511.png 1536w, https:\/\/bip.sanatorium-agat.pl\/wp-content\/uploads\/2025\/01\/image-1.png 1751w\" sizes=\"(max-width: 1024px) 100vw, 1024px\" \/><\/figure><div class=\"wp-block-media-text__content\">\n<p><\/p>\n<\/div><\/div>\n","protected":false},"excerpt":{"rendered":"<p>Dotacje z bud\u017cetu pa\u0144stwa i pa\u0144stwowych funduszy celowych w roku 2024 DOTACJA Z BUD\u017bETU PA\u0143STWA NA DOFINANSOWANIE REALIZACJI PROGRAM\u00d3W&nbsp; ZDROWOTNYCH W FORMIE TURNUS\u00d3W &nbsp; ANTYSTRESOWYCHNazwa zadania:&nbsp;Programy Zdrowotne w Formie Turnus\u00f3w AntystresowychData zawarcia umowy: 22 marca 2024 r.KWOTA DOFINANSOWANIA:&nbsp;104 300,00 z\u0142CA\u0141KOWITA WARTO\u015a\u0106 ZADANIA: 208 600,00 z\u0142Opis zadania:&nbsp;SP ZOZ Sanatorium Uzdrowiskowe MSWiA &#8222;AGAT&#8221; w Jeleniej G\u00f3rze realizuje [&hellip;]<\/p>\n","protected":false},"author":3,"featured_media":0,"parent":0,"menu_order":1,"comment_status":"closed","ping_status":"closed","template":"","meta":{"footnotes":""},"class_list":["post-7042","page","type-page","status-publish","hentry"],"_links":{"self":[{"href":"https:\/\/bip.sanatorium-agat.pl\/index.php?rest_route=\/wp\/v2\/pages\/7042","targetHints":{"allow":["GET"]}}],"collection":[{"href":"https:\/\/bip.sanatorium-agat.pl\/index.php?rest_route=\/wp\/v2\/pages"}],"about":[{"href":"https:\/\/bip.sanatorium-agat.pl\/index.php?rest_route=\/wp\/v2\/types\/page"}],"author":[{"embeddable":true,"href":"https:\/\/bip.sanatorium-agat.pl\/index.php?rest_route=\/wp\/v2\/users\/3"}],"replies":[{"embeddable":true,"href":"https:\/\/bip.sanatorium-agat.pl\/index.php?rest_route=%2Fwp%2Fv2%2Fcomments&post=7042"}],"version-history":[{"count":8,"href":"https:\/\/bip.sanatorium-agat.pl\/index.php?rest_route=\/wp\/v2\/pages\/7042\/revisions"}],"predecessor-version":[{"id":7596,"href":"https:\/\/bip.sanatorium-agat.pl\/index.php?rest_route=\/wp\/v2\/pages\/7042\/revisions\/7596"}],"wp:attachment":[{"href":"https:\/\/bip.sanatorium-agat.pl\/index.php?rest_route=%2Fwp%2Fv2%2Fmedia&parent=7042"}],"curies":[{"name":"wp","href":"https:\/\/api.w.org\/{rel}","templated":true}]}}