{"id":6701,"date":"2024-04-11T21:43:54","date_gmt":"2024-04-11T19:43:54","guid":{"rendered":"https:\/\/bip.sanatorium-agat.pl\/?page_id=6701"},"modified":"2024-04-11T21:46:13","modified_gmt":"2024-04-11T19:46:13","slug":"deklaracja-dostepnosci","status":"publish","type":"page","link":"https:\/\/bip.sanatorium-agat.pl\/?page_id=6701","title":{"rendered":"Deklaracja Dost\u0119pno\u015bci"},"content":{"rendered":"\n<h3 class=\"wp-block-heading\" id=\"a11y-deklaracja\"><strong>SP ZOZ Sanatorium Uzdrowiskowego MSWiA \u201cAgat\u201d w Jeleniej G\u00f3rze<\/strong><\/h3>\n\n\n\n<p id=\"a11y-wstep\">SP ZOZ Sanatorium Uzdrowiskowe MSWiA \u201cAgat\u201d&nbsp;zobowi\u0105zuje si\u0119 zapewni\u0107 dost\u0119pno\u015b\u0107 swojej strony internetowej zgodnie z przepisami ustawy z dnia 4&nbsp;kwietnia 2019&nbsp;r. o&nbsp;dost\u0119pno\u015bci cyfrowej stron internetowych i&nbsp;aplikacji mobilnych podmiot\u00f3w publicznych. O\u015bwiadczenie w sprawie dost\u0119pno\u015bci ma zastosowanie do strony internetowej&nbsp;<a href=\"https:\/\/bip.sanatorium-agat.pl\/\">BIP SP ZOZ Sanatorium Uzdrowiskowego MSWiA \u201cAgat\u201d w Jeleniej G\u00f3rze<\/a>.<\/p>\n\n\n\n<ul class=\"wp-block-list\">\n<li>Data publikacji strony internetowej:&nbsp;<strong><time datetime=\"2004-10-01\">2004-10-01<\/time><\/strong><\/li>\n\n\n\n<li>Data ostatniej istotnej aktualizacji:&nbsp; &nbsp;<strong><time datetime=\"2019-04-15\">2024-04-<\/time>10<\/strong><\/li>\n<\/ul>\n\n\n\n<h3 class=\"wp-block-heading\">Status pod wzgl\u0119dem zgodno\u015bci z ustaw\u0105<\/h3>\n\n\n\n<p>Strona internetowa jest&nbsp;<strong>cz\u0119\u015bciowo zgodna<\/strong>&nbsp;z&nbsp;ustaw\u0105 o&nbsp;dost\u0119pno\u015bci cyfrowej stron internetowych i&nbsp;aplikacji mobilnych podmiot\u00f3w publicznych z&nbsp;powodu niezgodno\u015bci lub wy\u0142\u0105cze\u0144 wymienionych poni\u017cej.<\/p>\n\n\n\n<h3 class=\"wp-block-heading\">Tre\u015bci niedost\u0119pne<\/h3>\n\n\n\n<ul class=\"wp-block-list\">\n<li>t\u0142umaczenie na j\u0119zyk migowy<\/li>\n<\/ul>\n\n\n\n<h3 class=\"wp-block-heading\">Skr\u00f3ty klawiaturowe<\/h3>\n\n\n\n<p>Istnieje mo\u017cliwo\u015b\u0107 poruszania si\u0119 po witrynie za pomoc\u0105 klawiszy Tab i Shift+Tab, obs\u0142ugi rozwijanych menu za pomoc\u0105 Tab i Shift+Tab, zamykania ich za pomoc\u0105 Esc, uruchamiania przycisk\u00f3w i \u0142\u0105czy za pomoc\u0105 klawisza Enter, nawigowania mi\u0119dzy elementami radiowymi i polami wyboru za pomoc\u0105 klawiszy strza\u0142ek oraz wype\u0142niania ich za pomoc\u0105 klawisza spacji lub Enter.<br>U\u017cytkownicy mog\u0105 r\u00f3wnie\u017c u\u017cywa\u0107 skr\u00f3t\u00f3w klawiszowych, takich jak \u201cM\u201d (menu), \u201cH\u201d (nag\u0142\u00f3wki), \u201cF\u201d (formularze), \u201cB\u201d (przyciski) i \u201cG\u201d (grafika), aby przej\u015b\u0107 do okre\u015blonych element\u00f3w. Wywo\u0142anie panelu dost\u0119pno\u015bci Alt+9<\/p>\n\n\n\n<h3 class=\"wp-block-heading\">Przygotowanie deklaracji w sprawie dost\u0119pno\u015bci<\/h3>\n\n\n\n<ul class=\"wp-block-list\">\n<li>Deklaracj\u0119 sporz\u0105dzono dnia:&nbsp;<strong><time datetime=\"2021-03-31\">2021-03-31<\/time><\/strong><\/li>\n\n\n\n<li>Deklaracj\u0119 zosta\u0142a ostatnio poddana przegl\u0105dowi i aktualizacji dnia:&nbsp;<strong><time datetime=\"2021-03-31\">2024-04-<\/time>10<\/strong><\/li>\n<\/ul>\n\n\n\n<p>Deklaracj\u0119 sporz\u0105dzono na podstawie samooceny.<\/p>\n\n\n\n<h3 class=\"wp-block-heading\" id=\"a11y-kontakt\">Informacje zwrotne i dane kontaktowe<\/h3>\n\n\n\n<ul class=\"wp-block-list\">\n<li>Za rozpatrywanie uwag i wniosk\u00f3w odpowiada:&nbsp;<strong>Pawe\u0142 Lewandowski<\/strong>.<\/li>\n\n\n\n<li>E-mail:&nbsp;<strong><a href=\"mailto:sekretariat@sanatorium-agat.pl\">sekretariat@sanatorium-agat.pl<\/a><\/strong><\/li>\n\n\n\n<li>Telefon:&nbsp;<strong>75 75 510 93<\/strong><\/li>\n<\/ul>\n\n\n\n<p id=\"a11y-procedura\">Ka\u017cdy ma prawo:<\/p>\n\n\n\n<ul class=\"wp-block-list\">\n<li>zg\u0142osi\u0107 uwagi dotycz\u0105ce dost\u0119pno\u015bci cyfrowej strony lub jej elementu,<\/li>\n\n\n\n<li>zg\u0142osi\u0107 \u017c\u0105danie zapewnienia dost\u0119pno\u015bci cyfrowej strony lub jej elementu,<\/li>\n\n\n\n<li>wnioskowa\u0107 o udost\u0119pnienie niedost\u0119pnej informacji w innej alternatywnej formie.<\/li>\n<\/ul>\n\n\n\n<p>\u017b\u0105danie musi zawiera\u0107:<\/p>\n\n\n\n<ul class=\"wp-block-list\">\n<li>dane kontaktowe osoby zg\u0142aszaj\u0105cej,<\/li>\n\n\n\n<li>wskazanie strony lub elementu strony, kt\u00f3rej dotyczy \u017c\u0105danie,<\/li>\n\n\n\n<li>wskazanie dogodnej formy udost\u0119pnienia informacji, je\u015bli \u017c\u0105danie dotyczy udost\u0119pnienia w formie alternatywnej informacji niedost\u0119pnej.<\/li>\n<\/ul>\n\n\n\n<p>Rozpatrzenie zg\u0142oszenia powinno nast\u0105pi\u0107 niezw\u0142ocznie, najp\u00f3\u017aniej w ci\u0105gu 7 dni. Je\u015bli w tym terminie zapewnienie dost\u0119pno\u015bci albo zapewnienie dost\u0119pu w alternatywnej formie nie jest mo\u017cliwe, powinno nast\u0105pi\u0107 najdalej w ci\u0105gu 2 miesi\u0119cy od daty zg\u0142oszenia.<\/p>\n\n\n\n<h3 class=\"wp-block-heading\">Skargi i odwo\u0142ania<\/h3>\n\n\n\n<p>Na niedotrzymanie tych termin\u00f3w oraz na odmow\u0119 realizacji \u017c\u0105dania mo\u017cna z\u0142o\u017cy\u0107 skarg\u0119 do organu nadzoruj\u0105cego poczt\u0105 lub drog\u0105 elektroniczn\u0105 na adres:<\/p>\n\n\n\n<ul class=\"wp-block-list\">\n<li>Organ nadzoruj\u0105cy: Dyrektor SP ZOZ Sanatorium Uzdrowiskowego MSWiA \u201cAgat\u201d w Jeleniej G\u00f3rze<\/li>\n\n\n\n<li>Adres: ul. Cervi 14, 58-560 Jelenia G\u00f3ra<\/li>\n\n\n\n<li>E-mail:&nbsp;<a href=\"mailto:sekretariat@sanatorium-agat.pl\">sekretariat@sanatorium-agat.pl<\/a><\/li>\n\n\n\n<li>Telefon: 75 75 510 93<\/li>\n<\/ul>\n\n\n\n<p>Skarg\u0119 mo\u017cna z\u0142o\u017cy\u0107 r\u00f3wnie\u017c do&nbsp;<a href=\"https:\/\/www.rpo.gov.pl\/content\/jak-zglosic-sie-do-rzecznika-praw-obywatelskich\">Rzecznika Praw Obywatelskich<\/a>.<\/p>\n","protected":false},"excerpt":{"rendered":"<p>SP ZOZ Sanatorium Uzdrowiskowego MSWiA \u201cAgat\u201d w Jeleniej G\u00f3rze SP ZOZ Sanatorium Uzdrowiskowe MSWiA \u201cAgat\u201d&nbsp;zobowi\u0105zuje si\u0119 zapewni\u0107 dost\u0119pno\u015b\u0107 swojej strony internetowej zgodnie z przepisami ustawy z dnia 4&nbsp;kwietnia 2019&nbsp;r. o&nbsp;dost\u0119pno\u015bci cyfrowej stron internetowych i&nbsp;aplikacji mobilnych podmiot\u00f3w publicznych. O\u015bwiadczenie w sprawie dost\u0119pno\u015bci ma zastosowanie do strony internetowej&nbsp;BIP SP ZOZ Sanatorium Uzdrowiskowego MSWiA \u201cAgat\u201d w Jeleniej G\u00f3rze. [&hellip;]<\/p>\n","protected":false},"author":1,"featured_media":0,"parent":0,"menu_order":0,"comment_status":"closed","ping_status":"closed","template":"","meta":{"footnotes":""},"class_list":["post-6701","page","type-page","status-publish","hentry"],"_links":{"self":[{"href":"https:\/\/bip.sanatorium-agat.pl\/index.php?rest_route=\/wp\/v2\/pages\/6701","targetHints":{"allow":["GET"]}}],"collection":[{"href":"https:\/\/bip.sanatorium-agat.pl\/index.php?rest_route=\/wp\/v2\/pages"}],"about":[{"href":"https:\/\/bip.sanatorium-agat.pl\/index.php?rest_route=\/wp\/v2\/types\/page"}],"author":[{"embeddable":true,"href":"https:\/\/bip.sanatorium-agat.pl\/index.php?rest_route=\/wp\/v2\/users\/1"}],"replies":[{"embeddable":true,"href":"https:\/\/bip.sanatorium-agat.pl\/index.php?rest_route=%2Fwp%2Fv2%2Fcomments&post=6701"}],"version-history":[{"count":0,"href":"https:\/\/bip.sanatorium-agat.pl\/index.php?rest_route=\/wp\/v2\/pages\/6701\/revisions"}],"wp:attachment":[{"href":"https:\/\/bip.sanatorium-agat.pl\/index.php?rest_route=%2Fwp%2Fv2%2Fmedia&parent=6701"}],"curies":[{"name":"wp","href":"https:\/\/api.w.org\/{rel}","templated":true}]}}