{"id":66,"date":"2016-05-30T10:48:51","date_gmt":"2016-05-30T10:48:51","guid":{"rendered":"https:\/\/bip.sanatorium-agat.pl\/?page_id=66"},"modified":"2025-02-18T08:58:02","modified_gmt":"2025-02-18T07:58:02","slug":"kierownictwo-jednostki","status":"publish","type":"page","link":"https:\/\/bip.sanatorium-agat.pl\/?page_id=66","title":{"rendered":"Kierownictwo jednostki"},"content":{"rendered":"<p>KIEROWNIK SAMODZIELNEGO PUBLICZNEGO ZAK\u0141ADU OPIEKI ZDROWOTNEJ<\/p>\n<p>DYREKTOR<\/p>\n<p><strong>KATARZYNA NIEW\u0118G\u0141OWSKA\u00a0<\/strong><\/p>\n<p>Informacja o kierownictwie oraz sk\u0142adzie Rady spo\u0142ecznej znajduje si\u0119 w dziale drugim <a href=\"https:\/\/bip.sanatorium-agat.pl\/wp-content\/uploads\/2025\/02\/Odpis_Aktualny_KRS_0000073201-3.pdf\">Aktualny_KRS_0000073201<\/a><\/p>\n<hr \/>\n","protected":false},"excerpt":{"rendered":"<p>KIEROWNIK SAMODZIELNEGO PUBLICZNEGO ZAK\u0141ADU OPIEKI ZDROWOTNEJ DYREKTOR KATARZYNA NIEW\u0118G\u0141OWSKA\u00a0 Informacja o kierownictwie oraz sk\u0142adzie Rady spo\u0142ecznej znajduje si\u0119 w dziale drugim Aktualny_KRS_0000073201<\/p>\n","protected":false},"author":1,"featured_media":0,"parent":0,"menu_order":0,"comment_status":"closed","ping_status":"closed","template":"","meta":{"footnotes":""},"class_list":["post-66","page","type-page","status-publish","hentry"],"_links":{"self":[{"href":"https:\/\/bip.sanatorium-agat.pl\/index.php?rest_route=\/wp\/v2\/pages\/66","targetHints":{"allow":["GET"]}}],"collection":[{"href":"https:\/\/bip.sanatorium-agat.pl\/index.php?rest_route=\/wp\/v2\/pages"}],"about":[{"href":"https:\/\/bip.sanatorium-agat.pl\/index.php?rest_route=\/wp\/v2\/types\/page"}],"author":[{"embeddable":true,"href":"https:\/\/bip.sanatorium-agat.pl\/index.php?rest_route=\/wp\/v2\/users\/1"}],"replies":[{"embeddable":true,"href":"https:\/\/bip.sanatorium-agat.pl\/index.php?rest_route=%2Fwp%2Fv2%2Fcomments&post=66"}],"version-history":[{"count":14,"href":"https:\/\/bip.sanatorium-agat.pl\/index.php?rest_route=\/wp\/v2\/pages\/66\/revisions"}],"predecessor-version":[{"id":7056,"href":"https:\/\/bip.sanatorium-agat.pl\/index.php?rest_route=\/wp\/v2\/pages\/66\/revisions\/7056"}],"wp:attachment":[{"href":"https:\/\/bip.sanatorium-agat.pl\/index.php?rest_route=%2Fwp%2Fv2%2Fmedia&parent=66"}],"curies":[{"name":"wp","href":"https:\/\/api.w.org\/{rel}","templated":true}]}}