{"id":6494,"date":"2024-02-20T13:24:37","date_gmt":"2024-02-20T13:24:37","guid":{"rendered":"https:\/\/bip.sanatorium-agat.pl\/?page_id=6494"},"modified":"2024-02-20T13:30:44","modified_gmt":"2024-02-20T13:30:44","slug":"zadanie-prewencyjne-realizowane-w-ramach-przyznanych-w-2023-2024-r-srodkow-z-funduszu-prewencyjnego-pzu-s-a","status":"publish","type":"page","link":"https:\/\/bip.sanatorium-agat.pl\/?page_id=6494","title":{"rendered":"Zadanie prewencyjne realizowane w ramach przyznanych w 2023\/2024 r. \u015brodk\u00f3w z funduszu prewencyjnego PZU S.A."},"content":{"rendered":"\n<p><\/p>\n\n\n<div class=\"wp-block-image\">\n<figure class=\"alignright size-full is-resized\"><a href=\"https:\/\/bip.sanatorium-agat.pl\/wp-content\/uploads\/2024\/02\/image.png\"><img fetchpriority=\"high\" decoding=\"async\" src=\"https:\/\/bip.sanatorium-agat.pl\/wp-content\/uploads\/2024\/02\/image.png\" alt=\"\" class=\"wp-image-6499\" style=\"width:473px;height:470px\" width=\"473\" height=\"470\" srcset=\"https:\/\/bip.sanatorium-agat.pl\/wp-content\/uploads\/2024\/02\/image.png 476w, https:\/\/bip.sanatorium-agat.pl\/wp-content\/uploads\/2024\/02\/image-300x298.png 300w, https:\/\/bip.sanatorium-agat.pl\/wp-content\/uploads\/2024\/02\/image-150x150.png 150w\" sizes=\"(max-width: 473px) 100vw, 473px\" \/><\/a><\/figure><\/div>\n\n\n<p><\/p>\n\n\n\n<p><\/p>\n\n\n\n<p><\/p>\n\n\n\n<p><strong>Zadanie prewencyjne realizowane w ramach przyznanych w 2023\/2024 r. \u015brodk\u00f3w z funduszu prewencyjnego PZU S.A.<\/strong><\/p>\n\n\n\n<p><\/p>\n\n\n\n<p><\/p>\n\n\n\n<p><\/p>\n\n\n\n<p><\/p>\n\n\n\n<p><\/p>\n\n\n\n<p><\/p>\n\n\n\n<p><\/p>\n\n\n\n<p><strong>CEL ZADANIA PREWENCYJNEGO<\/strong><\/p>\n\n\n\n<p>Zapobieganie powstawaniu lub zmniejszanie skutk\u00f3w wypadk\u00f3w ubezpieczeniowych, maj\u0105ce na celu ochron\u0119 zdrowia oraz szeroko poj\u0119t\u0105 profilaktyk\u0119 zdrowotn\u0105 polegaj\u0105ce na dofinansowaniu dzia\u0142a\u0144 przyczyniaj\u0105cych si\u0119 do poprawy zdrowia spo\u0142ecze\u0144stwa, wyd\u0142u\u017cenia \u017cycia ludzkiego oraz zmniejszenia liczby zachorowa\u0144 i wypadk\u00f3w, polegaj\u0105ce na doposa\u017ceniu plac\u00f3wki w sprz\u0119t medyczny.<\/p>\n\n\n\n<p><strong>OPIS ZADANIA PREWENCYJNEGO<\/strong><\/p>\n\n\n\n<p>W ramach zadania prewencyjnego, maj\u0105cego na celu ochron\u0119 zdrowia oraz szeroko poj\u0119t\u0105 profilaktyk\u0119 zdrowotn\u0105 zakupiono:<\/p>\n\n\n\n<p>1) Przep\u0142ywow\u0105 lamp\u0119 bakteriob\u00f3jcz\u0105&nbsp; i wirusob\u00f3jcz\u0105;<\/p>\n\n\n\n<p>2) okulary do laseroterapii;<\/p>\n\n\n\n<p>3) \u015brodki dezynfekcyjne;<\/p>\n\n\n\n<p>4) r\u0119kawice jednorazowe.<\/p>\n\n\n\n<p><strong>DOFINANSOWANIE Z FUNDUSZY PREWENCYJNEGO PZU SA<\/strong><\/p>\n\n\n\n<p>5.000,00 z\u0142.<\/p>\n\n\n\n<p><strong>CA\u0141KOWITA WARTO\u015a\u0106 ZADANIA PREWENCYJNEGO<\/strong><\/p>\n\n\n\n<p>&nbsp; 5.934,33&nbsp; z\u0142.<\/p>\n","protected":false},"excerpt":{"rendered":"<p>Zadanie prewencyjne realizowane w ramach przyznanych w 2023\/2024 r. \u015brodk\u00f3w z funduszu prewencyjnego PZU S.A. CEL ZADANIA PREWENCYJNEGO Zapobieganie powstawaniu lub zmniejszanie skutk\u00f3w wypadk\u00f3w ubezpieczeniowych, maj\u0105ce na celu ochron\u0119 zdrowia oraz szeroko poj\u0119t\u0105 profilaktyk\u0119 zdrowotn\u0105 polegaj\u0105ce na dofinansowaniu dzia\u0142a\u0144 przyczyniaj\u0105cych si\u0119 do poprawy zdrowia spo\u0142ecze\u0144stwa, wyd\u0142u\u017cenia \u017cycia ludzkiego oraz zmniejszenia liczby zachorowa\u0144 i wypadk\u00f3w, polegaj\u0105ce [&hellip;]<\/p>\n","protected":false},"author":3,"featured_media":0,"parent":0,"menu_order":0,"comment_status":"closed","ping_status":"closed","template":"","meta":{"footnotes":""},"class_list":["post-6494","page","type-page","status-publish","hentry"],"_links":{"self":[{"href":"https:\/\/bip.sanatorium-agat.pl\/index.php?rest_route=\/wp\/v2\/pages\/6494","targetHints":{"allow":["GET"]}}],"collection":[{"href":"https:\/\/bip.sanatorium-agat.pl\/index.php?rest_route=\/wp\/v2\/pages"}],"about":[{"href":"https:\/\/bip.sanatorium-agat.pl\/index.php?rest_route=\/wp\/v2\/types\/page"}],"author":[{"embeddable":true,"href":"https:\/\/bip.sanatorium-agat.pl\/index.php?rest_route=\/wp\/v2\/users\/3"}],"replies":[{"embeddable":true,"href":"https:\/\/bip.sanatorium-agat.pl\/index.php?rest_route=%2Fwp%2Fv2%2Fcomments&post=6494"}],"version-history":[{"count":3,"href":"https:\/\/bip.sanatorium-agat.pl\/index.php?rest_route=\/wp\/v2\/pages\/6494\/revisions"}],"predecessor-version":[{"id":6501,"href":"https:\/\/bip.sanatorium-agat.pl\/index.php?rest_route=\/wp\/v2\/pages\/6494\/revisions\/6501"}],"wp:attachment":[{"href":"https:\/\/bip.sanatorium-agat.pl\/index.php?rest_route=%2Fwp%2Fv2%2Fmedia&parent=6494"}],"curies":[{"name":"wp","href":"https:\/\/api.w.org\/{rel}","templated":true}]}}