{"id":5884,"date":"2022-08-23T11:14:48","date_gmt":"2022-08-23T11:14:48","guid":{"rendered":"https:\/\/bip.sanatorium-agat.pl\/?page_id=5884"},"modified":"2023-02-02T10:06:37","modified_gmt":"2023-02-02T10:06:37","slug":"dotacje-z-budzetu-panstwa-i-panstwowych-funduszy-celowych-w-roku-2022","status":"publish","type":"page","link":"https:\/\/bip.sanatorium-agat.pl\/?page_id=5884","title":{"rendered":"Dotacje z bud\u017cetu pa\u0144stwa i pa\u0144stwowych funduszy celowych w roku 2022"},"content":{"rendered":"\n<figure class=\"wp-block-image size-large\"><a href=\"https:\/\/bip.sanatorium-agat.pl\/wp-content\/uploads\/2021\/12\/znaki-strona-www.png\"><img fetchpriority=\"high\" decoding=\"async\" width=\"1024\" height=\"341\" src=\"https:\/\/bip.sanatorium-agat.pl\/wp-content\/uploads\/2021\/12\/znaki-strona-www-1024x341.png\" alt=\"\" class=\"wp-image-5648\" srcset=\"https:\/\/bip.sanatorium-agat.pl\/wp-content\/uploads\/2021\/12\/znaki-strona-www-1024x341.png 1024w, https:\/\/bip.sanatorium-agat.pl\/wp-content\/uploads\/2021\/12\/znaki-strona-www-300x100.png 300w, https:\/\/bip.sanatorium-agat.pl\/wp-content\/uploads\/2021\/12\/znaki-strona-www-768x256.png 768w, https:\/\/bip.sanatorium-agat.pl\/wp-content\/uploads\/2021\/12\/znaki-strona-www-1536x511.png 1536w, https:\/\/bip.sanatorium-agat.pl\/wp-content\/uploads\/2021\/12\/znaki-strona-www.png 1751w\" sizes=\"(max-width: 1024px) 100vw, 1024px\" \/><\/a><figcaption><br><strong>DOTACJA CELOWA MSWiA Z BUD\u017bETU PA\u0143STWA NA DOFINANSOWANIE REALIZACJI PROGRAM\u00d3W ZDROWOTNYCH W FORMIE TURNUS\u00d3W ANTYSTRESOWYCH W 2022 ROKU.<\/strong><br><strong>Pierwszy turnus rozpocz\u0105\u0142 si\u0119 04.06.2022r, planowany termin zako\u0144czenia ostatniego turnusu 03.12.2022r.<\/strong><br><br><strong>CA\u0141KOWITA WARTO\u015a\u0106 ZADANIA:\u00a0<\/strong> <strong>147.000,00 Z\u0141<\/strong><br><strong><br>KWOTA DOFINANSOWANIA: 77.000,00 Z\u0141<\/strong><br><br>Ze \u015brodk\u00f3w z dotacji zostan\u0105 pokryte koszty zwi\u0105zane z realizacj\u0105 program\u00f3w zdrowotnych w formie turnus\u00f3w antystresowych dla funkcjonariuszy i pracownik\u00f3w cywilnych Policji, Pa\u0144stwowej Stra\u017cy Po\u017carnej, Stra\u017cy Granicznej oraz S\u0142u\u017cby Ochrony Pa\u0144stwa, realizowanych w okresie od dnia zawarcia umowy do 31 grudnia 2022 r., a w szczeg\u00f3lno\u015bci koszty realizacji nast\u0119puj\u0105cych zada\u0144:<br>zaj\u0119cia psychoprofilaktyczne obejmuj\u0105ce: warsztaty psychologiczne umiej\u0119tno\u015bci interpersonalnych, zaj\u0119cia relaksacyjne grupowe (wraz z nauk\u0105 technik relaksacji), porady (lekarskie lub psychologiczne),<br>zabiegi rehabilitacyjne, opiek\u0119 lekarsk\u0105 i piel\u0119gniarsk\u0105.<\/figcaption><\/figure>\n\n\n\n<p>&#8212;&#8212;&#8212;&#8212;&#8212;&#8212;&#8212;&#8212;&#8212;&#8212;&#8212;&#8212;&#8212;&#8212;&#8212;&#8212;&#8212;&#8212;&#8212;&#8212;&#8212;&#8212;&#8212;&#8212;&#8212;&#8212;&#8212;&#8212;&#8212;&#8212;&#8212;&#8212;&#8212;&#8212;&#8212;&#8212;&#8212;&#8212;&#8211;<\/p>\n\n\n\n<figure class=\"wp-block-image\"><img decoding=\"async\" src=\"https:\/\/bip.sanatorium-agat.pl\/wp-content\/uploads\/2021\/12\/znaki-strona-www-1024x341.png\" alt=\"Obrazek posiada pusty atrybut alt; plik o nazwie znaki-strona-www-1024x341.png\"\/><\/figure>\n\n\n\n<p><strong>DOTACJA CELOWA MSWiA Z BUD\u017bETU PA\u0143STWA NA DOFINANSOWANIE REALIZACJI<\/strong> <strong>INWESTYCJI PN: Dostosowanie obiektu do wymaga\u0144 obowi\u0105zuj\u0105cych przepis\u00f3w prawa z zakresu bezpiecze\u0144stwa po\u017carowego, dostosowanie dla os\u00f3b niepe\u0142nosprawnych ci\u0105g\u00f3w komunikacyjnych &#8211; II pi\u0119tro i parter budynku g\u0142\u00f3wnego<\/strong>.                                                                                                                               Termin rozpocz\u0119cia prac budowlanych 22.09.2022 r., termin zako\u0144czenia prac budowlanych 30.01.2023r.                                                                                                                                                                                                                                                                                                                                                                                                                                                                                                    <\/p>\n\n\n\n<p><strong>CA\u0141KOWITA WARTO\u015a\u0106 ZADANIA:\u00a0<\/strong> <strong>485.088,52 Z\u0141<br>KWOTA DOFINANSOWANIA: 365. 000,00 Z\u0141<\/strong>       <\/p>\n\n\n\n<p>Ze \u015brodk\u00f3w z dotacji cz\u0119\u015bciowo zosta\u0142o sfinansowane dostosowanie dla os\u00f3b niepe\u0142nosprawnych ci\u0105g\u00f3w komunikacyjnych w obr\u0119bie pi\u0119tra drugiego oraz parteru budynku g\u0142\u00f3wnego jak r\u00f3wnie\u017c dostosowanie do wymaga\u0144 obowi\u0105zuj\u0105cych przepis\u00f3w z zakresu bezpiecze\u0144stwa po\u017carowego, kt\u00f3re obj\u0119\u0142o:<\/p>\n\n\n\n<p>U\u0142o\u017cenie posadzek z p\u0142ytek ceramicznych typu gres, rektyfikowanych w klasie antypo\u015blizgowej min. R11<\/p>\n\n\n\n<p>Wymiana wskazanych tablic energetycznych rozdzielczych pi\u0119trowych.<\/p>\n\n\n\n<p>Wymiana istniej\u0105cych opraw o\u015bwietleniowych sufitowych \u015bwietl\u00f3wkowych na oprawy sufitowe energooszcz\u0119dne typu LED<\/p>\n\n\n\n<p>Prze\u0142o\u017cenie istniej\u0105cej instalacji wczesnego ostrzegania przed po\u017carami<\/p>\n\n\n\n<p>                                                                                                                                                        <\/p>\n\n\n\n<p>                                                                                                                                                                                                                                                <\/p>\n","protected":false},"excerpt":{"rendered":"<p>&#8212;&#8212;&#8212;&#8212;&#8212;&#8212;&#8212;&#8212;&#8212;&#8212;&#8212;&#8212;&#8212;&#8212;&#8212;&#8212;&#8212;&#8212;&#8212;&#8212;&#8212;&#8212;&#8212;&#8212;&#8212;&#8212;&#8212;&#8212;&#8212;&#8212;&#8212;&#8212;&#8212;&#8212;&#8212;&#8212;&#8212;&#8212;&#8211; DOTACJA CELOWA MSWiA Z BUD\u017bETU PA\u0143STWA NA DOFINANSOWANIE REALIZACJI INWESTYCJI PN: Dostosowanie obiektu do wymaga\u0144 obowi\u0105zuj\u0105cych przepis\u00f3w prawa z zakresu bezpiecze\u0144stwa po\u017carowego, dostosowanie dla os\u00f3b niepe\u0142nosprawnych ci\u0105g\u00f3w komunikacyjnych &#8211; II pi\u0119tro i parter budynku g\u0142\u00f3wnego. Termin rozpocz\u0119cia prac budowlanych 22.09.2022 r., termin zako\u0144czenia prac budowlanych 30.01.2023r. CA\u0141KOWITA WARTO\u015a\u0106 ZADANIA:\u00a0 485.088,52 Z\u0141KWOTA DOFINANSOWANIA: 365. 000,00 [&hellip;]<\/p>\n","protected":false},"author":2,"featured_media":0,"parent":0,"menu_order":0,"comment_status":"closed","ping_status":"closed","template":"","meta":{"footnotes":""},"class_list":["post-5884","page","type-page","status-publish","hentry"],"_links":{"self":[{"href":"https:\/\/bip.sanatorium-agat.pl\/index.php?rest_route=\/wp\/v2\/pages\/5884","targetHints":{"allow":["GET"]}}],"collection":[{"href":"https:\/\/bip.sanatorium-agat.pl\/index.php?rest_route=\/wp\/v2\/pages"}],"about":[{"href":"https:\/\/bip.sanatorium-agat.pl\/index.php?rest_route=\/wp\/v2\/types\/page"}],"author":[{"embeddable":true,"href":"https:\/\/bip.sanatorium-agat.pl\/index.php?rest_route=\/wp\/v2\/users\/2"}],"replies":[{"embeddable":true,"href":"https:\/\/bip.sanatorium-agat.pl\/index.php?rest_route=%2Fwp%2Fv2%2Fcomments&post=5884"}],"version-history":[{"count":6,"href":"https:\/\/bip.sanatorium-agat.pl\/index.php?rest_route=\/wp\/v2\/pages\/5884\/revisions"}],"predecessor-version":[{"id":6135,"href":"https:\/\/bip.sanatorium-agat.pl\/index.php?rest_route=\/wp\/v2\/pages\/5884\/revisions\/6135"}],"wp:attachment":[{"href":"https:\/\/bip.sanatorium-agat.pl\/index.php?rest_route=%2Fwp%2Fv2%2Fmedia&parent=5884"}],"curies":[{"name":"wp","href":"https:\/\/api.w.org\/{rel}","templated":true}]}}