{"id":5645,"date":"2021-12-21T08:24:45","date_gmt":"2021-12-21T08:24:45","guid":{"rendered":"https:\/\/bip.sanatorium-agat.pl\/?page_id=5645"},"modified":"2021-12-21T09:16:57","modified_gmt":"2021-12-21T09:16:57","slug":"dotacje-z-budzetu-panstwa-i-panstwowych-funduszy-celowych","status":"publish","type":"page","link":"https:\/\/bip.sanatorium-agat.pl\/?page_id=5645","title":{"rendered":"Dotacje z bud\u017cetu pa\u0144stwa i pa\u0144stwowych funduszy celowych w roku 2021"},"content":{"rendered":"\n<figure class=\"wp-block-image size-large is-resized\"><a href=\"https:\/\/bip.sanatorium-agat.pl\/wp-content\/uploads\/2021\/12\/znaki-strona-www.png\"><img fetchpriority=\"high\" decoding=\"async\" src=\"https:\/\/bip.sanatorium-agat.pl\/wp-content\/uploads\/2021\/12\/znaki-strona-www-1024x341.png\" alt=\"\" class=\"wp-image-5648\" width=\"852\" height=\"283\" srcset=\"https:\/\/bip.sanatorium-agat.pl\/wp-content\/uploads\/2021\/12\/znaki-strona-www-1024x341.png 1024w, https:\/\/bip.sanatorium-agat.pl\/wp-content\/uploads\/2021\/12\/znaki-strona-www-300x100.png 300w, https:\/\/bip.sanatorium-agat.pl\/wp-content\/uploads\/2021\/12\/znaki-strona-www-768x256.png 768w, https:\/\/bip.sanatorium-agat.pl\/wp-content\/uploads\/2021\/12\/znaki-strona-www-1536x511.png 1536w, https:\/\/bip.sanatorium-agat.pl\/wp-content\/uploads\/2021\/12\/znaki-strona-www.png 1751w\" sizes=\"(max-width: 852px) 100vw, 852px\" \/><\/a><\/figure>\n\n\n\n<p><strong>DOTACJA CELOWA Z BUD\u017bETU PA\u0143STWA NA REALIZACJ\u0118 INWESTYCJI PN. <\/strong><\/p>\n\n\n\n<p><strong>&#8222;Dostosowanie pomieszcze\u0144 serwerowni do wymaga\u0144 obowi\u0105zuj\u0105cych przepis\u00f3w w budynku SP ZOZ Sanatorium Uzdrowiskowego MSWiA &#8222;AGAT&#8221; W Jeleniej G\u00f3rze&#8221;<\/strong><\/p>\n\n\n\n<p>KWOTA DOFINANSOWANIA: 100.000,00 Z\u0141<\/p>\n\n\n\n<p>CA\u0141KOWITA WARTO\u015a\u0106 ZADANIA: 123.199,13<strong>  <\/strong>Z\u0141<\/p>\n\n\n\n<p>Ze \u015brodk\u00f3w z dotacji cz\u0119\u015bciowo zosta\u0142o sfinansowane  dostosowanie pomieszcze\u0144 serwerowni do wymaga\u0144 obowi\u0105zuj\u0105cych przepis\u00f3w  w budynku SP ZOZ Sanatorium Uzdrowiskowego MSWiA &#8222;AGAT&#8221; W Jeleniej G\u00f3rze&#8221; , kt\u00f3re obj\u0119\u0142o:<\/p>\n\n\n\n<ul class=\"wp-block-list\"><li>Rozbudow\u0119 istniej\u0105cej klimatyzacji wraz z wykonaniem systemu pracy naprzeminnej<\/li><li>Wyposa\u017canie serwerowni w sta\u0142e urz\u0105dzenie ga\u015bnicze oraz dostaw\u0119 i monta\u017c wyk\u0142adziny pvc antystatycznej.<\/li><li>Dostarczenie, monta\u017c i skonfigurowanie sprz\u0119tu komputerowego oraz oprogramowania<\/li><li>Dostaw\u0119 i monta\u017c rolet antywlamaniowych<\/li><\/ul>\n\n\n\n<hr class=\"wp-block-separator\"\/>\n\n\n\n<hr class=\"wp-block-separator\"\/>\n\n\n\n<figure class=\"wp-block-image\"><img decoding=\"async\" src=\"http:\/\/www.sankud.pl\/bip2020\/\/container\/znaki-strona-www.png\" alt=\"\"\/><\/figure>\n\n\n\n<p><strong>Dostosowanie obiektu do wymaga\u0144 obowi\u0105zuj\u0105cych przepis\u00f3w technicznych i sanitarnych. <\/strong><\/p>\n\n\n\n<p><strong>Wymiana drzwi i pod\u0142\u00f3g w o\u015bmiu jednostkach mieszkalnych jedno pokojowych i trzech jednostkach mieszkalnych dwupokojwych zlokalizowanych na parterze budynku Sanatorium.<\/strong><\/p>\n\n\n\n<p> KWOTA DOFINANSOWANIA: 216.000,00 Z\u0141 <\/p>\n\n\n\n<p>CA\u0141KOWITA WARTO\u015a\u0106 ZADANIA: 283.794,47<strong>  <\/strong>Z\u0141 <\/p>\n\n\n\n<p> Ze \u015brodk\u00f3w z dotacji cz\u0119\u015bciowo zosta\u0142o sfinansowane  dostosowanie pomieszcze\u0144 do wymaga\u0144 obowi\u0105zuj\u0105cych przepis\u00f3w  w budynku SP ZOZ Sanatorium Uzdrowiskowego MSWiA &#8222;AGAT&#8221; W Jeleniej G\u00f3rze&#8221; , kt\u00f3re obj\u0119\u0142o: <\/p>\n\n\n\n<ul class=\"wp-block-list\"><li>Wymian\u0119 stolarki drzwiowej<\/li><li>Wymian\u0119 pod\u0142\u00f3g<\/li><\/ul>\n\n\n\n<p> <\/p>\n","protected":false},"excerpt":{"rendered":"<p>DOTACJA CELOWA Z BUD\u017bETU PA\u0143STWA NA REALIZACJ\u0118 INWESTYCJI PN. &#8222;Dostosowanie pomieszcze\u0144 serwerowni do wymaga\u0144 obowi\u0105zuj\u0105cych przepis\u00f3w w budynku SP ZOZ Sanatorium Uzdrowiskowego MSWiA &#8222;AGAT&#8221; W Jeleniej G\u00f3rze&#8221; KWOTA DOFINANSOWANIA: 100.000,00 Z\u0141 CA\u0141KOWITA WARTO\u015a\u0106 ZADANIA: 123.199,13 Z\u0141 Ze \u015brodk\u00f3w z dotacji cz\u0119\u015bciowo zosta\u0142o sfinansowane dostosowanie pomieszcze\u0144 serwerowni do wymaga\u0144 obowi\u0105zuj\u0105cych przepis\u00f3w w budynku SP ZOZ Sanatorium [&hellip;]<\/p>\n","protected":false},"author":2,"featured_media":0,"parent":0,"menu_order":0,"comment_status":"closed","ping_status":"closed","template":"","meta":{"footnotes":""},"class_list":["post-5645","page","type-page","status-publish","hentry"],"_links":{"self":[{"href":"https:\/\/bip.sanatorium-agat.pl\/index.php?rest_route=\/wp\/v2\/pages\/5645","targetHints":{"allow":["GET"]}}],"collection":[{"href":"https:\/\/bip.sanatorium-agat.pl\/index.php?rest_route=\/wp\/v2\/pages"}],"about":[{"href":"https:\/\/bip.sanatorium-agat.pl\/index.php?rest_route=\/wp\/v2\/types\/page"}],"author":[{"embeddable":true,"href":"https:\/\/bip.sanatorium-agat.pl\/index.php?rest_route=\/wp\/v2\/users\/2"}],"replies":[{"embeddable":true,"href":"https:\/\/bip.sanatorium-agat.pl\/index.php?rest_route=%2Fwp%2Fv2%2Fcomments&post=5645"}],"version-history":[{"count":5,"href":"https:\/\/bip.sanatorium-agat.pl\/index.php?rest_route=\/wp\/v2\/pages\/5645\/revisions"}],"predecessor-version":[{"id":5656,"href":"https:\/\/bip.sanatorium-agat.pl\/index.php?rest_route=\/wp\/v2\/pages\/5645\/revisions\/5656"}],"wp:attachment":[{"href":"https:\/\/bip.sanatorium-agat.pl\/index.php?rest_route=%2Fwp%2Fv2%2Fmedia&parent=5645"}],"curies":[{"name":"wp","href":"https:\/\/api.w.org\/{rel}","templated":true}]}}