{"id":5466,"date":"2021-08-09T12:39:17","date_gmt":"2021-08-09T12:39:17","guid":{"rendered":"https:\/\/bip.sanatorium-agat.pl\/?page_id=5466"},"modified":"2025-03-20T13:53:33","modified_gmt":"2025-03-20T12:53:33","slug":"raport-o-stanie-zapewnienia-dostepnosci-podmiotu-publicznego","status":"publish","type":"page","link":"https:\/\/bip.sanatorium-agat.pl\/?page_id=5466","title":{"rendered":"Raport o stanie zapewnienia dost\u0119pno\u015bci podmiotu publicznego"},"content":{"rendered":"<p><a href=\"https:\/\/bip.sanatorium-agat.pl\/wp-content\/uploads\/2021\/08\/Raport-o-stanie-zapewnienia-dost\u0119pno\u015bci-Sanatorium-MSWiA-AGAT-w-Jeleniej-G\u00f3rze.pdf\">Raport o stanie zapewnienia dost\u0119pno\u015bci SP ZOZ Sanatorium Uzdrowiskowego MSWiA AGAT w Jeleniej G\u00f3rz<\/a><a href=\"https:\/\/bip.sanatorium-agat.pl\/wp-content\/uploads\/2025\/03\/Raport-dostepnosc-2021-2024.pdf\">e<\/a><\/p>\n<p><a href=\"https:\/\/bip.sanatorium-agat.pl\/wp-content\/uploads\/2025\/03\/Raport-dostepnosc-2021-2024.pdf\">Raport o stanie zapewnienia dost\u0119pno\u015bci za lata 2021-2024 w SP ZOZ Sanatorium Uzdrowiskowym MSWiA AGAT w Jeleniej G\u00f3rze<\/a><\/p>\n\n\n<p><\/p>\n","protected":false},"excerpt":{"rendered":"<p>Raport o stanie zapewnienia dost\u0119pno\u015bci SP ZOZ Sanatorium Uzdrowiskowego MSWiA AGAT w Jeleniej G\u00f3rze Raport o stanie zapewnienia dost\u0119pno\u015bci za lata 2021-2024 w SP ZOZ Sanatorium Uzdrowiskowym MSWiA AGAT w Jeleniej G\u00f3rze<\/p>\n","protected":false},"author":3,"featured_media":0,"parent":0,"menu_order":0,"comment_status":"closed","ping_status":"closed","template":"","meta":{"footnotes":""},"class_list":["post-5466","page","type-page","status-publish","hentry"],"_links":{"self":[{"href":"https:\/\/bip.sanatorium-agat.pl\/index.php?rest_route=\/wp\/v2\/pages\/5466","targetHints":{"allow":["GET"]}}],"collection":[{"href":"https:\/\/bip.sanatorium-agat.pl\/index.php?rest_route=\/wp\/v2\/pages"}],"about":[{"href":"https:\/\/bip.sanatorium-agat.pl\/index.php?rest_route=\/wp\/v2\/types\/page"}],"author":[{"embeddable":true,"href":"https:\/\/bip.sanatorium-agat.pl\/index.php?rest_route=\/wp\/v2\/users\/3"}],"replies":[{"embeddable":true,"href":"https:\/\/bip.sanatorium-agat.pl\/index.php?rest_route=%2Fwp%2Fv2%2Fcomments&post=5466"}],"version-history":[{"count":3,"href":"https:\/\/bip.sanatorium-agat.pl\/index.php?rest_route=\/wp\/v2\/pages\/5466\/revisions"}],"predecessor-version":[{"id":7065,"href":"https:\/\/bip.sanatorium-agat.pl\/index.php?rest_route=\/wp\/v2\/pages\/5466\/revisions\/7065"}],"wp:attachment":[{"href":"https:\/\/bip.sanatorium-agat.pl\/index.php?rest_route=%2Fwp%2Fv2%2Fmedia&parent=5466"}],"curies":[{"name":"wp","href":"https:\/\/api.w.org\/{rel}","templated":true}]}}