{"id":51,"date":"2016-05-27T11:27:33","date_gmt":"2016-05-27T11:27:33","guid":{"rendered":"https:\/\/bip.sanatorium-agat.pl\/?page_id=51"},"modified":"2025-08-05T14:06:16","modified_gmt":"2025-08-05T12:06:16","slug":"status-prawny-jednostki","status":"publish","type":"page","link":"https:\/\/bip.sanatorium-agat.pl\/?page_id=51","title":{"rendered":"Status prawny jednostki"},"content":{"rendered":"<p><a href=\"https:\/\/bip.sanatorium-agat.pl\/wp-content\/uploads\/2024\/08\/akt.pdf\">STATUT SP ZOZ Sanatorium Uzdrowiskowego MSWiA &#8222;AGAT&#8221; w Jeleniej G\u00f3rze<\/a><\/p>\n<p><a href=\"https:\/\/bip.sanatorium-agat.pl\/wp-content\/uploads\/2025\/08\/ilovepdf_merged-1.pdf\">Regulamin organizacyjny SP ZOZ Sanatorium Uzdrowiskowego MSWiA &#8222;AGAT&#8221; w Jeleniej G\u00f3rze<\/a><\/p>\n<p>Sanatorium wpisane jest tak\u017ce do:<\/p>\n<ul>\n<li>Krajowego Rejestru S\u0105dowego (Rejestr stowarzysze\u0144, innych organizacji spo\u0142ecznych i zawodowych, fundacji i publicznych zak\u0142ad\u00f3w opieki zdrowotnej) pod nr<strong> <a href=\"https:\/\/bip.sanatorium-agat.pl\/wp-content\/uploads\/2025\/02\/Odpis_Aktualny_KRS_0000073201-3.pdf\">Aktualny_KRS_0000073201<\/a><\/strong><\/li>\n<\/ul>\n\n\n<p><\/p>\n","protected":false},"excerpt":{"rendered":"<p>STATUT SP ZOZ Sanatorium Uzdrowiskowego MSWiA &#8222;AGAT&#8221; w Jeleniej G\u00f3rze Regulamin organizacyjny SP ZOZ Sanatorium Uzdrowiskowego MSWiA &#8222;AGAT&#8221; w Jeleniej G\u00f3rze Sanatorium wpisane jest tak\u017ce do: Krajowego Rejestru S\u0105dowego (Rejestr stowarzysze\u0144, innych organizacji spo\u0142ecznych i zawodowych, fundacji i publicznych zak\u0142ad\u00f3w opieki zdrowotnej) pod nr Aktualny_KRS_0000073201<\/p>\n","protected":false},"author":1,"featured_media":0,"parent":0,"menu_order":0,"comment_status":"closed","ping_status":"closed","template":"","meta":{"footnotes":""},"class_list":["post-51","page","type-page","status-publish","hentry"],"_links":{"self":[{"href":"https:\/\/bip.sanatorium-agat.pl\/index.php?rest_route=\/wp\/v2\/pages\/51","targetHints":{"allow":["GET"]}}],"collection":[{"href":"https:\/\/bip.sanatorium-agat.pl\/index.php?rest_route=\/wp\/v2\/pages"}],"about":[{"href":"https:\/\/bip.sanatorium-agat.pl\/index.php?rest_route=\/wp\/v2\/types\/page"}],"author":[{"embeddable":true,"href":"https:\/\/bip.sanatorium-agat.pl\/index.php?rest_route=\/wp\/v2\/users\/1"}],"replies":[{"embeddable":true,"href":"https:\/\/bip.sanatorium-agat.pl\/index.php?rest_route=%2Fwp%2Fv2%2Fcomments&post=51"}],"version-history":[{"count":17,"href":"https:\/\/bip.sanatorium-agat.pl\/index.php?rest_route=\/wp\/v2\/pages\/51\/revisions"}],"predecessor-version":[{"id":7258,"href":"https:\/\/bip.sanatorium-agat.pl\/index.php?rest_route=\/wp\/v2\/pages\/51\/revisions\/7258"}],"wp:attachment":[{"href":"https:\/\/bip.sanatorium-agat.pl\/index.php?rest_route=%2Fwp%2Fv2%2Fmedia&parent=51"}],"curies":[{"name":"wp","href":"https:\/\/api.w.org\/{rel}","templated":true}]}}