{"id":43,"date":"2016-05-27T10:58:37","date_gmt":"2016-05-27T10:58:37","guid":{"rendered":"https:\/\/bip.sanatorium-agat.pl\/?page_id=43"},"modified":"2025-01-17T14:00:06","modified_gmt":"2025-01-17T13:00:06","slug":"dane-teleadresowe","status":"publish","type":"page","link":"https:\/\/bip.sanatorium-agat.pl\/","title":{"rendered":"Dane teleadresowe"},"content":{"rendered":"<p><strong>Samodzielny Publiczny Zak\u0142ad Opieki Zdrowotnej<\/strong><br \/>\n<strong> Sanatorium Uzdrowiskowe Ministerstwa Spraw Wewn\u0119trznych i Administracji &#8222;AGAT&#8221; w Jeleniej G\u00f3rze<\/strong><br \/>\n<strong> ul. Cervi 14, 58-560 Jelenia G\u00f3ra<\/strong><\/p>\n<p>tel.: 75 75 520 64 do 68<br \/>\ntel.\/fax: 75 75 510 93<br \/>\nadres e-mail: sekretariat@sanatorium-agat.pl<br \/>\nstrona internetowa: www.sanatorium-agat.pl<\/p>\n<p>Adres do e-Dor\u0119cze\u0144: AE:PL-24778-47853-VIIEH-24<\/p>\n<p>Adres ePUAP :\u00a0<span id=\"templatePanel\"><span id=\"limitUsageInfo\">\/SanatoriumAGAT\/SkrytkaESP<\/span><\/span><\/p>\n<p>Sanatorium posiada:<\/p>\n<p>Statystyczny numer identyfikacyjny: REGON 230081055<br \/>\nNumer identyfikacji podatkowej: NIP 611-22-23-263<\/p>\n<hr \/>\n","protected":false},"excerpt":{"rendered":"<p>Samodzielny Publiczny Zak\u0142ad Opieki Zdrowotnej Sanatorium Uzdrowiskowe Ministerstwa Spraw Wewn\u0119trznych i Administracji &#8222;AGAT&#8221; w Jeleniej G\u00f3rze ul. Cervi 14, 58-560 Jelenia G\u00f3ra tel.: 75 75 520 64 do 68 tel.\/fax: 75 75 510 93 adres e-mail: sekretariat@sanatorium-agat.pl strona internetowa: www.sanatorium-agat.pl Adres do e-Dor\u0119cze\u0144: AE:PL-24778-47853-VIIEH-24 Adres ePUAP :\u00a0\/SanatoriumAGAT\/SkrytkaESP Sanatorium posiada: Statystyczny numer identyfikacyjny: REGON 230081055 Numer [&hellip;]<\/p>\n","protected":false},"author":1,"featured_media":0,"parent":0,"menu_order":0,"comment_status":"closed","ping_status":"closed","template":"","meta":{"footnotes":""},"class_list":["post-43","page","type-page","status-publish","hentry"],"_links":{"self":[{"href":"https:\/\/bip.sanatorium-agat.pl\/index.php?rest_route=\/wp\/v2\/pages\/43","targetHints":{"allow":["GET"]}}],"collection":[{"href":"https:\/\/bip.sanatorium-agat.pl\/index.php?rest_route=\/wp\/v2\/pages"}],"about":[{"href":"https:\/\/bip.sanatorium-agat.pl\/index.php?rest_route=\/wp\/v2\/types\/page"}],"author":[{"embeddable":true,"href":"https:\/\/bip.sanatorium-agat.pl\/index.php?rest_route=\/wp\/v2\/users\/1"}],"replies":[{"embeddable":true,"href":"https:\/\/bip.sanatorium-agat.pl\/index.php?rest_route=%2Fwp%2Fv2%2Fcomments&post=43"}],"version-history":[{"count":5,"href":"https:\/\/bip.sanatorium-agat.pl\/index.php?rest_route=\/wp\/v2\/pages\/43\/revisions"}],"predecessor-version":[{"id":7049,"href":"https:\/\/bip.sanatorium-agat.pl\/index.php?rest_route=\/wp\/v2\/pages\/43\/revisions\/7049"}],"wp:attachment":[{"href":"https:\/\/bip.sanatorium-agat.pl\/index.php?rest_route=%2Fwp%2Fv2%2Fmedia&parent=43"}],"curies":[{"name":"wp","href":"https:\/\/api.w.org\/{rel}","templated":true}]}}