{"id":231,"date":"2017-01-10T13:22:10","date_gmt":"2017-01-10T13:22:10","guid":{"rendered":"https:\/\/bip.sanatorium-agat.pl\/?page_id=231"},"modified":"2026-01-14T13:12:47","modified_gmt":"2026-01-14T12:12:47","slug":"plan-zamowien-publicznych","status":"publish","type":"page","link":"https:\/\/bip.sanatorium-agat.pl\/?page_id=231","title":{"rendered":"Plan zam\u00f3wie\u0144 publicznych"},"content":{"rendered":"<p><a href=\"https:\/\/bip.sanatorium-agat.pl\/wp-content\/uploads\/2017\/01\/Plan-zam\u00f3wie\u0144-publicznych-na-2017r.str_.2.jpg\" target=\"_blank\" rel=\"noopener\">Roboty Budowlane 2017<\/a><\/p>\n<p><a href=\"https:\/\/bip.sanatorium-agat.pl\/wp-content\/uploads\/2017\/01\/Plan-zam\u00f3wie\u0144-publicznych-na-2017r.jpg\" target=\"_blank\" rel=\"noopener\">Dostawy towar\u00f3w 2017<\/a><\/p>\n<p><a href=\"https:\/\/bip.sanatorium-agat.pl\/wp-content\/uploads\/2017\/01\/plan-zam\u00f3wie\u0144-2018-2.jpg\" target=\"_blank\" rel=\"noopener\">Plan zam\u00f3wie\u0144 2018 Inwestycje<\/a><\/p>\n<p><a href=\"https:\/\/bip.sanatorium-agat.pl\/wp-content\/uploads\/2017\/01\/plan-zam\u00f3wie\u0144-2018-1.jpg\" target=\"_blank\" rel=\"noopener\">Plan zam\u00f3wie\u0144 2018 Dostawy<\/a><\/p>\n<p><a href=\"https:\/\/bip.sanatorium-agat.pl\/wp-content\/uploads\/2017\/01\/plan-zamowien-publicznych-2019.pdf\">Plan zam\u00f3wie\u0144 2019 Dostawy<\/a><\/p>\n<p><a href=\"https:\/\/bip.sanatorium-agat.pl\/wp-content\/uploads\/2017\/01\/plan-zamowien-2019-aktualizacja.pdf\" target=\"_blank\" rel=\"noopener\">Plan zam\u00f3wie\u0144 2019 Inwestycje<\/a><\/p>\n<p><a href=\"https:\/\/bip.sanatorium-agat.pl\/wp-content\/uploads\/2017\/01\/2020inwestycje.pdf\">Plan zam\u00f3wie\u0144 2020 Inwestycje<\/a><\/p>\n<p><a href=\"https:\/\/bip.sanatorium-agat.pl\/wp-content\/uploads\/2017\/01\/dostawy2020.pdf\">Plan zam\u00f3wie\u0144 2020 Dostawy<\/a><\/p>\n<p><a href=\"https:\/\/bip.sanatorium-agat.pl\/wp-content\/uploads\/2017\/01\/CCF20210319.pdf\" target=\"_blank\" rel=\"noopener\">Plan zam\u00f3wie\u0144 2021 Dostawy<\/a><\/p>\n<p><a href=\"https:\/\/bip.sanatorium-agat.pl\/wp-content\/uploads\/2017\/01\/2021_BZP-00166329_01_P.pdf\">Plan zam\u00f3wie\u0144 2021 Inwestycje\u00a0<\/a><\/p>\n<p><a href=\"https:\/\/bip.sanatorium-agat.pl\/wp-content\/uploads\/2022\/01\/Plan-zamowien-2022-Dostawy.pdf\">Plan zam\u00f3wie\u0144 2022 Dostawy<\/a><\/p>\n<p><a href=\"https:\/\/bip.sanatorium-agat.pl\/wp-content\/uploads\/2022\/01\/Plan-zamowien-publicznych.pdf\">Plan zam\u00f3wie\u0144 2022 Inwestycje<\/a><\/p>\n\n\n<div data-wp-interactive=\"core\/file\" class=\"wp-block-file\"><object data-wp-bind--hidden=\"!state.hasPdfPreview\" hidden class=\"wp-block-file__embed\" data=\"https:\/\/bip.sanatorium-agat.pl\/wp-content\/uploads\/2023\/02\/Plan-zamowien-publicznych-dostawy-w-2023-r.pdf\" type=\"application\/pdf\" style=\"width:100%;height:600px\" aria-label=\"Osadzone z Plan zam\u00f3wie\u0144 2023 Dostawy .\"><\/object><a id=\"wp-block-file--media-2bd3461d-377d-49b9-977e-5ff17b90efca\" href=\"https:\/\/bip.sanatorium-agat.pl\/wp-content\/uploads\/2023\/02\/Plan-zamowien-publicznych-dostawy-w-2023-r.pdf\">Plan zam\u00f3wie\u0144 2023 Dostawy <\/a><a href=\"https:\/\/bip.sanatorium-agat.pl\/wp-content\/uploads\/2023\/02\/Plan-zamowien-publicznych-dostawy-w-2023-r.pdf\" class=\"wp-block-file__button wp-element-button\" download aria-describedby=\"wp-block-file--media-2bd3461d-377d-49b9-977e-5ff17b90efca\">Pobierz<\/a><\/div>\n\n\n\n<div data-wp-interactive=\"core\/file\" class=\"wp-block-file\"><object data-wp-bind--hidden=\"!state.hasPdfPreview\" hidden class=\"wp-block-file__embed\" data=\"https:\/\/bip.sanatorium-agat.pl\/wp-content\/uploads\/2023\/02\/Plan-zamowien-publicznych-roboty-budowlane-w-2023-r..pdf\" type=\"application\/pdf\" style=\"width:100%;height:600px\" aria-label=\"Osadzone z Plan zam\u00f3wie\u0144 2023 Inwestycje .\"><\/object><a id=\"wp-block-file--media-8c63cef8-fc50-4bb9-b159-9924a28faea4\" href=\"https:\/\/bip.sanatorium-agat.pl\/wp-content\/uploads\/2023\/02\/Plan-zamowien-publicznych-roboty-budowlane-w-2023-r..pdf\">Plan zam\u00f3wie\u0144 2023 Inwestycje <\/a><a href=\"https:\/\/bip.sanatorium-agat.pl\/wp-content\/uploads\/2023\/02\/Plan-zamowien-publicznych-roboty-budowlane-w-2023-r..pdf\" class=\"wp-block-file__button wp-element-button\" download aria-describedby=\"wp-block-file--media-8c63cef8-fc50-4bb9-b159-9924a28faea4\">Pobierz<\/a><\/div>\n\n\n\n<p><a href=\"https:\/\/bip.sanatorium-agat.pl\/wp-content\/uploads\/2023\/12\/PLAN-ZAM.-PUBL.-2024-INWESTYCJE-1.pdf\">Plan zam\u00f3wie\u0144 2024 Inwestycje<\/a><\/p>\n\n\n\n<p><a href=\"https:\/\/bip.sanatorium-agat.pl\/wp-content\/uploads\/2023\/12\/PLAN-ZAM-PUBL.2024-DOSTAWY-1.pdf\">Plan zam\u00f3wie\u0144 2024 Dostawy<\/a><\/p>\n\n\n\n<div data-wp-interactive=\"core\/file\" class=\"wp-block-file\"><object data-wp-bind--hidden=\"!state.hasPdfPreview\" hidden class=\"wp-block-file__embed\" data=\"https:\/\/bip.sanatorium-agat.pl\/wp-content\/uploads\/2025\/01\/2025-ZAM-PUBLICZNE-ROBOTY-BUDOWLANE-1-1.pdf\" type=\"application\/pdf\" style=\"width:100%;height:600px\" aria-label=\"Osadzone z Plan zam\u00f3wie\u0144 2025 ROBOTY BUDOWLANE.\"><\/object><a id=\"wp-block-file--media-4693de57-d734-4ad2-91b9-4afd20b3caaa\" href=\"https:\/\/bip.sanatorium-agat.pl\/wp-content\/uploads\/2025\/01\/2025-ZAM-PUBLICZNE-ROBOTY-BUDOWLANE-1-1.pdf\">Plan zam\u00f3wie\u0144 2025 ROBOTY BUDOWLANE<\/a><a href=\"https:\/\/bip.sanatorium-agat.pl\/wp-content\/uploads\/2025\/01\/2025-ZAM-PUBLICZNE-ROBOTY-BUDOWLANE-1-1.pdf\" class=\"wp-block-file__button wp-element-button\" download aria-describedby=\"wp-block-file--media-4693de57-d734-4ad2-91b9-4afd20b3caaa\">Pobierz<\/a><\/div>\n\n\n\n<div data-wp-interactive=\"core\/file\" class=\"wp-block-file\"><object data-wp-bind--hidden=\"!state.hasPdfPreview\" hidden class=\"wp-block-file__embed\" data=\"https:\/\/bip.sanatorium-agat.pl\/wp-content\/uploads\/2025\/01\/2025-PZP-ZYWNOSC-.pdf\" type=\"application\/pdf\" style=\"width:100%;height:600px\" aria-label=\"Osadzone z Plan zam\u00f3wie\u0144 2025 \u017bYWNO\u015a\u0106.\"><\/object><a id=\"wp-block-file--media-9966e0e1-d2ec-41a8-8870-2b587749a80b\" href=\"https:\/\/bip.sanatorium-agat.pl\/wp-content\/uploads\/2025\/01\/2025-PZP-ZYWNOSC-.pdf\">Plan zam\u00f3wie\u0144 2025 \u017bYWNO\u015a\u0106<\/a><a href=\"https:\/\/bip.sanatorium-agat.pl\/wp-content\/uploads\/2025\/01\/2025-PZP-ZYWNOSC-.pdf\" class=\"wp-block-file__button wp-element-button\" download aria-describedby=\"wp-block-file--media-9966e0e1-d2ec-41a8-8870-2b587749a80b\">Pobierz<\/a><\/div>\n\n\n\n<p>PLAN ZAM\u00d3WIE\u0143 PUBLICZNYCH NA 2026 ROK<\/p>\n\n\n\n<div data-wp-interactive=\"core\/file\" class=\"wp-block-file\"><object data-wp-bind--hidden=\"!state.hasPdfPreview\" hidden class=\"wp-block-file__embed\" data=\"https:\/\/bip.sanatorium-agat.pl\/wp-content\/uploads\/2026\/01\/2026-PLAN-ZAMOWIEN-PUBLICZNYCH-.pdf\" type=\"application\/pdf\" style=\"width:100%;height:600px\" aria-label=\"Osadzone z 2026 PLAN ZAM\u00d3WIE\u0143 PUBLICZNYCH.\"><\/object><a id=\"wp-block-file--media-69b3780e-442f-4c40-a90c-42360ae5d2be\" href=\"https:\/\/bip.sanatorium-agat.pl\/wp-content\/uploads\/2026\/01\/2026-PLAN-ZAMOWIEN-PUBLICZNYCH-.pdf\">2026 PLAN ZAM\u00d3WIE\u0143 PUBLICZNYCH<\/a><a href=\"https:\/\/bip.sanatorium-agat.pl\/wp-content\/uploads\/2026\/01\/2026-PLAN-ZAMOWIEN-PUBLICZNYCH-.pdf\" class=\"wp-block-file__button wp-element-button\" download aria-describedby=\"wp-block-file--media-69b3780e-442f-4c40-a90c-42360ae5d2be\">Pobierz<\/a><\/div>\n","protected":false},"excerpt":{"rendered":"<p>Roboty Budowlane 2017 Dostawy towar\u00f3w 2017 Plan zam\u00f3wie\u0144 2018 Inwestycje Plan zam\u00f3wie\u0144 2018 Dostawy Plan zam\u00f3wie\u0144 2019 Dostawy Plan zam\u00f3wie\u0144 2019 Inwestycje Plan zam\u00f3wie\u0144 2020 Inwestycje Plan zam\u00f3wie\u0144 2020 Dostawy Plan zam\u00f3wie\u0144 2021 Dostawy Plan zam\u00f3wie\u0144 2021 Inwestycje\u00a0 Plan zam\u00f3wie\u0144 2022 Dostawy Plan zam\u00f3wie\u0144 2022 Inwestycje Plan zam\u00f3wie\u0144 2024 Inwestycje Plan zam\u00f3wie\u0144 2024 Dostawy PLAN [&hellip;]<\/p>\n","protected":false},"author":1,"featured_media":0,"parent":0,"menu_order":0,"comment_status":"closed","ping_status":"closed","template":"","meta":{"footnotes":""},"class_list":["post-231","page","type-page","status-publish","hentry"],"_links":{"self":[{"href":"https:\/\/bip.sanatorium-agat.pl\/index.php?rest_route=\/wp\/v2\/pages\/231","targetHints":{"allow":["GET"]}}],"collection":[{"href":"https:\/\/bip.sanatorium-agat.pl\/index.php?rest_route=\/wp\/v2\/pages"}],"about":[{"href":"https:\/\/bip.sanatorium-agat.pl\/index.php?rest_route=\/wp\/v2\/types\/page"}],"author":[{"embeddable":true,"href":"https:\/\/bip.sanatorium-agat.pl\/index.php?rest_route=\/wp\/v2\/users\/1"}],"replies":[{"embeddable":true,"href":"https:\/\/bip.sanatorium-agat.pl\/index.php?rest_route=%2Fwp%2Fv2%2Fcomments&post=231"}],"version-history":[{"count":20,"href":"https:\/\/bip.sanatorium-agat.pl\/index.php?rest_route=\/wp\/v2\/pages\/231\/revisions"}],"predecessor-version":[{"id":7559,"href":"https:\/\/bip.sanatorium-agat.pl\/index.php?rest_route=\/wp\/v2\/pages\/231\/revisions\/7559"}],"wp:attachment":[{"href":"https:\/\/bip.sanatorium-agat.pl\/index.php?rest_route=%2Fwp%2Fv2%2Fmedia&parent=231"}],"curies":[{"name":"wp","href":"https:\/\/api.w.org\/{rel}","templated":true}]}}