{"id":142,"date":"2016-08-12T11:44:01","date_gmt":"2016-08-12T11:44:01","guid":{"rendered":"https:\/\/bip.sanatorium-agat.pl\/?page_id=142"},"modified":"2026-01-20T12:42:27","modified_gmt":"2026-01-20T11:42:27","slug":"kontrola-zarzadcza","status":"publish","type":"page","link":"https:\/\/bip.sanatorium-agat.pl\/?page_id=142","title":{"rendered":"Kontrola Zarz\u0105dcza"},"content":{"rendered":"<p><a href=\"https:\/\/bip.sanatorium-agat.pl\/wp-content\/uploads\/2016\/08\/plan-dzia\u0142alno\u015bci-na-2016-rok.pdf\">plan dzia\u0142alno\u015bci na 2016 rok<\/a><\/p>\n<p>Sprawozdanie z wykonania Planu dzia\u0142alno\u015bci za 2015 rok<\/p>\n<p><a href=\"https:\/\/bip.sanatorium-agat.pl\/wp-content\/uploads\/2016\/08\/O\u015bwiadczenie-o-stanie-kontroli-zarz\u0105dczej-za-2015-rok.pdf\">O\u015bwiadczenie o stanie kontroli zarz\u0105dczej za 2015 rok<\/a><\/p>\n<p><a href=\"https:\/\/bip.sanatorium-agat.pl\/wp-content\/uploads\/2016\/08\/Plan-dzia\u0142alno\u015bci-na-2017.pdf\" target=\"_blank\" rel=\"noopener\">Plan dzia\u0142alno\u015bci na 2017 rok<\/a><\/p>\n<p><a href=\"https:\/\/bip.sanatorium-agat.pl\/wp-content\/uploads\/2016\/08\/sprawozdanie-z-wykonania-planu-dzia\u0142alno\u015bci-za-2016.pdf\" target=\"_blank\" rel=\"noopener\">Sprawozdanie z wykonania planu dzia\u0142alno\u015bci za 2016 rok<\/a><\/p>\n<p><a href=\"https:\/\/bip.sanatorium-agat.pl\/wp-content\/uploads\/2016\/08\/o\u015bwiadczenie-o-stanie-kontroli-zarz\u0105dczej-za-2016.pdf\" target=\"_blank\" rel=\"noopener\">O\u015bwiadczenie o stanie kontroli zarz\u0105dczej za 2016 rok<\/a><\/p>\n<p>ROK 2017<\/p>\n<p><a href=\"https:\/\/bip.sanatorium-agat.pl\/wp-content\/uploads\/2018\/04\/Plan-dzia\u0142alno\u015bci-analiza-ryzyka.pdf\">Plan dzia\u0142alno\u015bci, analiza ryzyka<\/a><\/p>\n<p><a href=\"https:\/\/bip.sanatorium-agat.pl\/wp-content\/uploads\/2018\/04\/Sprawozdanie-z-Planu-dzia\u0142alno\u015bci-za-2017r..pdf\">Sprawozdanie z Planu dzia\u0142alno\u015bci za 2017r.<\/a><\/p>\n<p><a href=\"https:\/\/bip.sanatorium-agat.pl\/wp-content\/uploads\/2018\/04\/O\u015bwiadczenie-2017r..pdf\">O\u015bwiadczenie 2017r.&nbsp;<\/a>&nbsp;<\/p>\n<p>ROK 2021\/2022<\/p>\n<p><a href=\"https:\/\/bip.sanatorium-agat.pl\/wp-content\/uploads\/2022\/03\/Sprawozdanie-z-Planu-Dzialalnosci-za-2021-rok-1.pdf\">Sprawozdanie z Planu&nbsp; <\/a><a href=\"https:\/\/bip.sanatorium-agat.pl\/wp-content\/uploads\/2022\/03\/Sprawozdanie-z-Planu-Dzialalnosci-za-2021-rok-1.pdf\">Dzia\u0142alno\u015bci za 2021 rok<\/a><\/p>\n<p><a href=\"https:\/\/bip.sanatorium-agat.pl\/wp-content\/uploads\/2022\/03\/Plan-Dzialalnosci-na-2022-rok.pdf\">Plan Dzia\u0142alno\u015bci na 2022 rok oraz analiza ryzyka<\/a><\/p>\n<p><a href=\"https:\/\/bip.sanatorium-agat.pl\/wp-content\/uploads\/2022\/03\/20220210_150445.pdf\">O\u015bwiadczenie o stanie kontroli zarz\u0105dczej za 2021 rok<\/a><\/p>\n\n\n<p>ROK 2022\/2023<\/p>\n\n\n\n<p><a href=\"https:\/\/bip.sanatorium-agat.pl\/wp-content\/uploads\/2023\/03\/sprawozdanie-z-wykonania-planu-dzialalnosci-za-2022-1.pdf\" data-type=\"URL\" data-id=\"https:\/\/bip.sanatorium-agat.pl\/wp-content\/uploads\/2023\/03\/sprawozdanie-z-wykonania-planu-dzialalnosci-za-2022-1.pdf\">Sprawozdanie z Planu&nbsp; Dzia\u0142alno\u015bci za 2022 rok <\/a> <\/p>\n\n\n\n<p><a href=\"https:\/\/bip.sanatorium-agat.pl\/wp-content\/uploads\/2023\/03\/Plan-dzialalnosci-Sanatorium-na-2023r..pdf\" data-type=\"URL\" data-id=\"https:\/\/bip.sanatorium-agat.pl\/wp-content\/uploads\/2023\/03\/Plan-dzialalnosci-Sanatorium-na-2023r..pdf\">Plan Dzia\u0142alno\u015bci na 2023 rok oraz analiza ryzyka <\/a><\/p>\n\n\n\n<p><a href=\"https:\/\/bip.sanatorium-agat.pl\/wp-content\/uploads\/2023\/03\/oswiadczenie-czastkowe-o-stanie-kontroli-zarzadczej-za-2022r..pdf\" data-type=\"URL\" data-id=\"https:\/\/bip.sanatorium-agat.pl\/wp-content\/uploads\/2023\/03\/oswiadczenie-czastkowe-o-stanie-kontroli-zarzadczej-za-2022r..pdf\">O\u015bwiadczenie o stanie kontroli zarz\u0105dczej za 2022 rok<\/a><\/p>\n\n\n\n<p>ROK 2025\/2026<\/p>\n\n\n\n<p>Plan Dzia\u0142alno\u015bci na 2023 rok oraz analiza ryzyka<\/p>\n\n\n\n<div data-wp-interactive=\"core\/file\" class=\"wp-block-file\"><object data-wp-bind--hidden=\"!state.hasPdfPreview\" hidden class=\"wp-block-file__embed\" data=\"https:\/\/bip.sanatorium-agat.pl\/wp-content\/uploads\/2026\/01\/Plan-dzialalnosci-na-2026r.pdf\" type=\"application\/pdf\" style=\"width:100%;height:600px\" aria-label=\"Osadzone z Plan dzia\u0142alno\u015bci na 2026r..\"><\/object><a id=\"wp-block-file--media-a124575f-7f76-49e8-a54b-e9581ade563a\" href=\"https:\/\/bip.sanatorium-agat.pl\/wp-content\/uploads\/2026\/01\/Plan-dzialalnosci-na-2026r.pdf\">Plan dzia\u0142alno\u015bci na 2026r.<\/a><a href=\"https:\/\/bip.sanatorium-agat.pl\/wp-content\/uploads\/2026\/01\/Plan-dzialalnosci-na-2026r.pdf\" class=\"wp-block-file__button wp-element-button\" download aria-describedby=\"wp-block-file--media-a124575f-7f76-49e8-a54b-e9581ade563a\">Pobierz<\/a><\/div>\n","protected":false},"excerpt":{"rendered":"<p>plan dzia\u0142alno\u015bci na 2016 rok Sprawozdanie z wykonania Planu dzia\u0142alno\u015bci za 2015 rok O\u015bwiadczenie o stanie kontroli zarz\u0105dczej za 2015 rok Plan dzia\u0142alno\u015bci na 2017 rok Sprawozdanie z wykonania planu dzia\u0142alno\u015bci za 2016 rok O\u015bwiadczenie o stanie kontroli zarz\u0105dczej za 2016 rok ROK 2017 Plan dzia\u0142alno\u015bci, analiza ryzyka Sprawozdanie z Planu dzia\u0142alno\u015bci za 2017r. O\u015bwiadczenie [&hellip;]<\/p>\n","protected":false},"author":1,"featured_media":0,"parent":0,"menu_order":0,"comment_status":"closed","ping_status":"closed","template":"","meta":{"footnotes":""},"class_list":["post-142","page","type-page","status-publish","hentry"],"_links":{"self":[{"href":"https:\/\/bip.sanatorium-agat.pl\/index.php?rest_route=\/wp\/v2\/pages\/142","targetHints":{"allow":["GET"]}}],"collection":[{"href":"https:\/\/bip.sanatorium-agat.pl\/index.php?rest_route=\/wp\/v2\/pages"}],"about":[{"href":"https:\/\/bip.sanatorium-agat.pl\/index.php?rest_route=\/wp\/v2\/types\/page"}],"author":[{"embeddable":true,"href":"https:\/\/bip.sanatorium-agat.pl\/index.php?rest_route=\/wp\/v2\/users\/1"}],"replies":[{"embeddable":true,"href":"https:\/\/bip.sanatorium-agat.pl\/index.php?rest_route=%2Fwp%2Fv2%2Fcomments&post=142"}],"version-history":[{"count":16,"href":"https:\/\/bip.sanatorium-agat.pl\/index.php?rest_route=\/wp\/v2\/pages\/142\/revisions"}],"predecessor-version":[{"id":7592,"href":"https:\/\/bip.sanatorium-agat.pl\/index.php?rest_route=\/wp\/v2\/pages\/142\/revisions\/7592"}],"wp:attachment":[{"href":"https:\/\/bip.sanatorium-agat.pl\/index.php?rest_route=%2Fwp%2Fv2%2Fmedia&parent=142"}],"curies":[{"name":"wp","href":"https:\/\/api.w.org\/{rel}","templated":true}]}}